{"id":10775,"date":"2025-12-08T15:08:53","date_gmt":"2025-12-08T15:08:53","guid":{"rendered":""},"modified":"2026-04-20T08:40:21","modified_gmt":"2026-04-20T11:40:21","slug":"rele-de-telegestao","status":"publish","type":"product","link":"https:\/\/www.exatron.com.br\/es\/produtos\/rele-de-telegestao\/","title":{"rendered":"Rel\u00e9 de gesti\u00f3n remota"},"content":{"rendered":"<h3>Especificaciones t\u00e9cnicas<\/h3>\n<ul>\n<li>Tens\u00e3o: Opera\u00e7\u00e3o: 90-305V~ e Nominal:120V-240V~ (de -20% a +15% Vn);<\/li>\n<li>Consumo pr\u00f3prio: &lt;2W;<\/li>\n<li>Faixa de corrente: 2A nominal e 10A m\u00e1xima, modelo direto 2(10)A;<\/li>\n<li>Prote\u00e7\u00e3o contra surto: at\u00e9 10kV (1,2&#215;50\u00b5s);<\/li>\n<li>Temperatura de opera\u00e7\u00e3o: -10\u00b0 a + 80\u00b0C;<\/li>\n<li>Conex\u00f5es: Plugue 7 pinos padr\u00e3o NBR 5123 e ANSI C136.41-2013, sendo: 3 pinos (fase, neutro e carga) em lat\u00e3o estanhado e 4 pinos (dimeriza\u00e7\u00e3o e auxiliar) em lat\u00e3o estanhado e banhado a ouro;<\/li>\n<li>Dimens\u00f5es: \u00d881,2x106mm;<\/li>\n<li>Materiais: <i>Copo:<\/i> policarbonato com prote\u00e7\u00e3o UV. <i>Base:<\/i> poliamida. <i>Gaxeta:<\/i> borracha elast\u00f4mero. <i>Terminais centrais:<\/i> Lat\u00e3o estanhado. <i>Terminais auxiliares:<\/i> Lat\u00e3o banhado a ouro nos contatos;<\/li>\n<li>Capacidade de carga: at\u00e9 1000W resistivo (FP=1), 1800VA\/220Vac indutivo com fator de pot\u00eancia n\u00e3o corrigido (FP&gt;0,5), 500VA corrigido por capacitor (FP&gt;0,92) e 300W\/220Vac driver de LED;<\/li>\n<li>Filtro de tempo: duplo retardo que impede acionamentos indevidos devido a varia\u00e7\u00f5es bruscas de luminosidade como raios, laser, nuvens e etc. Entre 4 e 5 segundos para ligar ou para desligar (tipo instant\u00e2neo);<\/li>\n<li>Lux para ligar: menor que 10 Lux (padr\u00e3o de f\u00e1brica, sendo poss\u00edvel configurar remotamente);<\/li>\n<li>Lux para desligar: maior que 30 Lux (padr\u00e3o de f\u00e1brica, sendo poss\u00edvel configurar remotamente) respeitando a rela\u00e7\u00e3o de histerese rela\u00e7\u00e3o entre liga e desliga (histerese): 1,5 a 2,8 vezes;<\/li>\n<li>Acionamento dos contatos pr\u00f3ximo ao zero de tens\u00e3o da rede el\u00e9trica (zero-crossing) menor que 1ms;<\/li>\n<li>Design moderno com exclusivo fechamento sem parafusos;<\/li>\n<li>Sensor de a\u00e7\u00e3o: fototransistor na posi\u00e7\u00e3o azimutal;<\/li>\n<li>Rigidez diel\u00e9trica interna: \u2265 2500V @ 1 minuto;<\/li>\n<li>Marca\u00e7\u00f5es: indel\u00e9vel no corpo do produto (registro de coloca\u00e7\u00e3o e retirada em campo);<\/li>\n<li>Sa\u00edda de dimeriza\u00e7\u00e3o: 0-10V;<\/li>\n<li>Atua em conjunto com o SW de gest\u00e3o LIME<\/li>\n<li>Tipo de contato: NA (sem energia). \u00a0Sa\u00edda ligada durante a noite com sistema fail-off (falha desligado);<\/li>\n<li>C\u00f3digo de opera\u00e7\u00e3o: T2LNFDRNAR;<\/li>\n<li>Grau de prote\u00e7\u00e3o: IP65 (opcional IP67);<\/li>\n<li>Atende a portaria n\u00b0221\/2022 Inmetro;<\/li>\n<li>Aprovado pela portaria n\u00b0 140\/2025 Inmetro;<\/li>\n<li>Garantia: 05 anos;<\/li>\n<li>Notas:<\/li>\n<\/ul>\n<ol>\n<li>Comunica\u00e7\u00e3o: rede LoRaWAN com suporte a dispositivos classe C;<\/li>\n<li>Antena: interna de alto ganho e performance;<\/li>\n<li>Medi\u00e7\u00e3o de energia ativa (kWh), classe de precis\u00e3o 1 % &#8211; \u00cdndice ;de classe B;<\/li>\n<li>Constante (Kh oh Kd): Wh\/pulso\u00a0 \u00a00,1 Wh;<\/li>\n<li>Monof\u00e1sico 2 fios;<\/li>\n<li>Tecnologia do elemento sensor de tens\u00e3o:CI com Divisor de Tens\u00e3o;<\/li>\n<li>Tecnologia do elemento sensor de corrente: Shunt;<\/li>\n<li>Princ\u00edpio de medi\u00e7\u00e3o: direta;<\/li>\n<li>Medi\u00e7\u00e3o e registrador: unidirecional;<\/li>\n<li>Possui fun\u00e7\u00e3o \u201cLast Gasp\u201d que envia notifica\u00e7\u00e3o para nuvem relatando problemas na rede el\u00e9trica e protegendo a lumin\u00e1ria ao desliga-la automaticamente;<\/li>\n<li>Possui sistema de \u201cDashboard\u201d que apresenta informa\u00e7\u00f5es de forma visual, como gr\u00e1ficos, tabelas e mapas al\u00e9m de poder setar os rel\u00e9s remotamente.<\/li>\n<\/ol>\n<figure class=\"table\">\n<table>\n<tbody>\n<tr>\n<td rowspan=\"3\"><strong>Capacidade de cargas (l\u00e2mpadas)<\/strong><\/td>\n<td><strong>Voltaje<\/strong><\/td>\n<td><strong>Resistivo (FP=1)<\/strong><\/td>\n<td><strong>Indutivo (FP&gt;0,5)<\/strong><\/td>\n<td><strong>Driver Led<\/strong><\/td>\n<\/tr>\n<tr>\n<td>127 V<\/td>\n<td>1000W<\/td>\n<td>1200VA<\/td>\n<td>300 W<\/td>\n<\/tr>\n<tr>\n<td>220 V<\/td>\n<td>1000W<\/td>\n<td>1800VA<\/td>\n<td>300 W<\/td>\n<\/tr>\n<\/tbody>\n<\/table>\n<\/figure>\n<h3>Instalaci\u00f3n<\/h3>\n<p>Rel\u00e9 fotoel\u00e9trico de alta performance para gest\u00e3o de ilumina\u00e7\u00e3o p\u00fablica. \u00c9 ideal para o gerenciamento de energia podendo ser usados para monitorar e controlar as lumin\u00e1rias, permitindo a gest\u00e3o eficiente da carga, a identifica\u00e7\u00e3o de falhas na rede e a redu\u00e7\u00e3o de perdas de energia.<\/p>\n<p>A liga\u00e7\u00e3o el\u00e9trica do Rel\u00e9 de Telegest\u00e3o Exatron LEIP4200 deve ser feita por meio da tomada 7 fios (n\u00e3o inclusa no produto) que atenda as normas NBR 5123 e ANSI C136.41.<\/p>\n<p>O rele deve ser encaixado manualmente na tomada ap\u00f3s a liga\u00e7\u00e3o el\u00e9trica da mesma na lumin\u00e1ria. Para instala\u00e7\u00e3o e\/ou retirada do rel\u00e9 fotoel\u00e9trico LEIP4200 na tomada n\u00e3o s\u00e3o necess\u00e1rias ferramentas especiais, deve ser feito manualmente.<\/p>","protected":false},"excerpt":{"rendered":"<p>O Rel\u00e9 de Telegest\u00e3o Exatron LEIP4200 \u00e9 a solu\u00e7\u00e3o ideal para gest\u00e3o de ilumina\u00e7\u00e3o p\u00fablica. Al\u00e9m de funcionar como rel\u00e9 fotoel\u00e9trico, o Rel\u00e9 de Telegest\u00e3o faz a medi\u00e7\u00e3o de diversas grandezas (tens\u00e3o, corrente, pot\u00eancias, consumo, fator de pot\u00eancia, THD e luminosidade), reporta casos de falhas, aceita agendamento de acionamentos e controles remotos de acionamento da lumin\u00e1ria. A comunica\u00e7\u00e3o com o rel\u00e9 fotoel\u00e9trico LEIP4200 utiliza uma rede LoRaWAN com suporte \u00e0 dispositivos de classe C. O acionamento da lumin\u00e1ria \u00e9 feito na aus\u00eancia de luz natural (possui sistema insens\u00edvel a varia\u00e7\u00f5es bruscas de luminosidade, rel\u00e2mpagos e far\u00f3is), independente se estiver online ou off-line na rede. O acionamento do rel\u00e9 fotoel\u00e9trico tamb\u00e9m pode ser atrav\u00e9s de comando remoto ou agendamento pr\u00e9-configurado atrav\u00e9s do software de gest\u00e3o. O produto possui contato NA (normalmente aberto) mantendo as lumin\u00e1rias apagadas durante o dia.<\/p>","protected":false},"featured_media":10353,"comment_status":"open","ping_status":"closed","template":"","meta":{"_acf_changed":false,"_joinchat":[]},"aplicacao":[],"product_brand":[],"product_cat":[993,315,348],"product_tag":[553,509,554,555,520,549,551,550,552],"class_list":{"0":"post-10775","1":"product","2":"type-product","3":"status-publish","4":"has-post-thumbnail","6":"product_cat-lancamentos","7":"product_cat-reles-para-iluminacao","8":"product_cat-telegestao","9":"product_tag-classe-b","10":"product_tag-iluminacao-publica","11":"product_tag-lime","12":"product_tag-lorawan","13":"product_tag-rele-fotoeletrico","14":"product_tag-rele-telegestao","15":"product_tag-sip","16":"product_tag-sip-exatron","17":"product_tag-telegestao","19":"first","20":"onbackorder","21":"shipping-taxable","22":"product-type-simple"},"acf":[],"yoast_head":"<!-- This site is optimized with the Yoast SEO plugin v27.3 - https:\/\/yoast.com\/product\/yoast-seo-wordpress\/ -->\n<title>Rel\u00e9 de Telegest\u00e3o - EXATRON<\/title>\n<meta name=\"description\" content=\"Rel\u00e9 de Telegest\u00e3o Exatron LEIP4200 com medi\u00e7\u00e3o Classe B, Last Gasp, LoRaWAN, Contato Normalmente Aberto (NA) e controle remoto via software LIME.\" \/>\n<meta name=\"robots\" content=\"index, follow, max-snippet:-1, max-image-preview:large, max-video-preview:-1\" \/>\n<link rel=\"canonical\" href=\"https:\/\/www.exatron.com.br\/es\/produtos\/rele-de-telegestao\/\" \/>\n<meta property=\"og:locale\" content=\"es_ES\" \/>\n<meta property=\"og:type\" content=\"article\" \/>\n<meta property=\"og:title\" content=\"Rel\u00e9 de Telegest\u00e3o - EXATRON\" \/>\n<meta property=\"og:description\" content=\"Rel\u00e9 de Telegest\u00e3o Exatron LEIP4200 com medi\u00e7\u00e3o Classe B, Last Gasp, LoRaWAN, Contato Normalmente Aberto (NA) e controle remoto via software LIME.\" \/>\n<meta property=\"og:url\" content=\"https:\/\/www.exatron.com.br\/es\/produtos\/rele-de-telegestao\/\" \/>\n<meta property=\"og:site_name\" content=\"EXATRON\" \/>\n<meta property=\"article:modified_time\" content=\"2026-04-20T11:40:21+00:00\" \/>\n<meta property=\"og:image\" content=\"https:\/\/www.exatron.com.br\/wp-content\/uploads\/2025\/12\/vyrsenerjzyxwj62mahxxmlhtqc0hbmzvlzbnt1f.png\" \/>\n\t<meta property=\"og:image:width\" content=\"684\" \/>\n\t<meta property=\"og:image:height\" content=\"720\" \/>\n\t<meta property=\"og:image:type\" content=\"image\/png\" \/>\n<meta name=\"twitter:card\" content=\"summary_large_image\" \/>\n<meta name=\"twitter:label1\" content=\"Tiempo de lectura\" \/>\n\t<meta name=\"twitter:data1\" content=\"4 minutos\" \/>\n<script type=\"application\/ld+json\" class=\"yoast-schema-graph\">{\"@context\":\"https:\\\/\\\/schema.org\",\"@graph\":[{\"@type\":\"WebPage\",\"@id\":\"https:\\\/\\\/www.exatron.com.br\\\/produtos\\\/rele-de-telegestao\\\/\",\"url\":\"https:\\\/\\\/www.exatron.com.br\\\/produtos\\\/rele-de-telegestao\\\/\",\"name\":\"Rel\u00e9 de Telegest\u00e3o - EXATRON\",\"isPartOf\":{\"@id\":\"https:\\\/\\\/www.exatron.com.br\\\/#website\"},\"primaryImageOfPage\":{\"@id\":\"https:\\\/\\\/www.exatron.com.br\\\/produtos\\\/rele-de-telegestao\\\/#primaryimage\"},\"image\":{\"@id\":\"https:\\\/\\\/www.exatron.com.br\\\/produtos\\\/rele-de-telegestao\\\/#primaryimage\"},\"thumbnailUrl\":\"https:\\\/\\\/www.exatron.com.br\\\/wp-content\\\/uploads\\\/2025\\\/12\\\/vyrsenerjzyxwj62mahxxmlhtqc0hbmzvlzbnt1f.png\",\"datePublished\":\"2025-12-08T15:08:53+00:00\",\"dateModified\":\"2026-04-20T11:40:21+00:00\",\"description\":\"Rel\u00e9 de Telegest\u00e3o Exatron LEIP4200 com medi\u00e7\u00e3o Classe B, Last Gasp, LoRaWAN, Contato Normalmente Aberto (NA) e controle remoto via software LIME.\",\"breadcrumb\":{\"@id\":\"https:\\\/\\\/www.exatron.com.br\\\/produtos\\\/rele-de-telegestao\\\/#breadcrumb\"},\"inLanguage\":\"es\",\"potentialAction\":[{\"@type\":\"ReadAction\",\"target\":[\"https:\\\/\\\/www.exatron.com.br\\\/produtos\\\/rele-de-telegestao\\\/\"]}]},{\"@type\":\"ImageObject\",\"inLanguage\":\"es\",\"@id\":\"https:\\\/\\\/www.exatron.com.br\\\/produtos\\\/rele-de-telegestao\\\/#primaryimage\",\"url\":\"https:\\\/\\\/www.exatron.com.br\\\/wp-content\\\/uploads\\\/2025\\\/12\\\/vyrsenerjzyxwj62mahxxmlhtqc0hbmzvlzbnt1f.png\",\"contentUrl\":\"https:\\\/\\\/www.exatron.com.br\\\/wp-content\\\/uploads\\\/2025\\\/12\\\/vyrsenerjzyxwj62mahxxmlhtqc0hbmzvlzbnt1f.png\",\"width\":684,\"height\":720,\"caption\":\"Rel\u00e9 de Telegest\u00e3o\"},{\"@type\":\"BreadcrumbList\",\"@id\":\"https:\\\/\\\/www.exatron.com.br\\\/produtos\\\/rele-de-telegestao\\\/#breadcrumb\",\"itemListElement\":[{\"@type\":\"ListItem\",\"position\":1,\"name\":\"In\u00edcio\",\"item\":\"https:\\\/\\\/www.exatron.com.br\\\/\"},{\"@type\":\"ListItem\",\"position\":2,\"name\":\"Loja\",\"item\":\"https:\\\/\\\/www.exatron.com.br\\\/loja\\\/\"},{\"@type\":\"ListItem\",\"position\":3,\"name\":\"Rel\u00e9 de Telegest\u00e3o\"}]},{\"@type\":\"WebSite\",\"@id\":\"https:\\\/\\\/www.exatron.com.br\\\/#website\",\"url\":\"https:\\\/\\\/www.exatron.com.br\\\/\",\"name\":\"EXATRON\",\"description\":\"\",\"publisher\":{\"@id\":\"https:\\\/\\\/www.exatron.com.br\\\/#organization\"},\"potentialAction\":[{\"@type\":\"SearchAction\",\"target\":{\"@type\":\"EntryPoint\",\"urlTemplate\":\"https:\\\/\\\/www.exatron.com.br\\\/?s={search_term_string}\"},\"query-input\":{\"@type\":\"PropertyValueSpecification\",\"valueRequired\":true,\"valueName\":\"search_term_string\"}}],\"inLanguage\":\"es\"},{\"@type\":\"Organization\",\"@id\":\"https:\\\/\\\/www.exatron.com.br\\\/#organization\",\"name\":\"EXATRON\",\"url\":\"https:\\\/\\\/www.exatron.com.br\\\/\",\"logo\":{\"@type\":\"ImageObject\",\"inLanguage\":\"es\",\"@id\":\"https:\\\/\\\/www.exatron.com.br\\\/#\\\/schema\\\/logo\\\/image\\\/\",\"url\":\"https:\\\/\\\/www.exatron.com.br\\\/wp-content\\\/uploads\\\/2024\\\/11\\\/default-kit.png\",\"contentUrl\":\"https:\\\/\\\/www.exatron.com.br\\\/wp-content\\\/uploads\\\/2024\\\/11\\\/default-kit.png\",\"width\":956,\"height\":192,\"caption\":\"EXATRON\"},\"image\":{\"@id\":\"https:\\\/\\\/www.exatron.com.br\\\/#\\\/schema\\\/logo\\\/image\\\/\"}}]}<\/script>\n<!-- \/ Yoast SEO plugin. -->","yoast_head_json":{"title":"Rel\u00e9 de Telegest\u00e3o - EXATRON","description":"Rel\u00e9 de Telegest\u00e3o Exatron LEIP4200 com medi\u00e7\u00e3o Classe B, Last Gasp, LoRaWAN, Contato Normalmente Aberto (NA) e controle remoto via software LIME.","robots":{"index":"index","follow":"follow","max-snippet":"max-snippet:-1","max-image-preview":"max-image-preview:large","max-video-preview":"max-video-preview:-1"},"canonical":"https:\/\/www.exatron.com.br\/es\/produtos\/rele-de-telegestao\/","og_locale":"es_ES","og_type":"article","og_title":"Rel\u00e9 de Telegest\u00e3o - EXATRON","og_description":"Rel\u00e9 de Telegest\u00e3o Exatron LEIP4200 com medi\u00e7\u00e3o Classe B, Last Gasp, LoRaWAN, Contato Normalmente Aberto (NA) e controle remoto via software LIME.","og_url":"https:\/\/www.exatron.com.br\/es\/produtos\/rele-de-telegestao\/","og_site_name":"EXATRON","article_modified_time":"2026-04-20T11:40:21+00:00","og_image":[{"width":684,"height":720,"url":"https:\/\/www.exatron.com.br\/wp-content\/uploads\/2025\/12\/vyrsenerjzyxwj62mahxxmlhtqc0hbmzvlzbnt1f.png","type":"image\/png"}],"twitter_card":"summary_large_image","twitter_misc":{"Tiempo de lectura":"4 minutos"},"schema":{"@context":"https:\/\/schema.org","@graph":[{"@type":"WebPage","@id":"https:\/\/www.exatron.com.br\/produtos\/rele-de-telegestao\/","url":"https:\/\/www.exatron.com.br\/produtos\/rele-de-telegestao\/","name":"Rel\u00e9 de Telegest\u00e3o - EXATRON","isPartOf":{"@id":"https:\/\/www.exatron.com.br\/#website"},"primaryImageOfPage":{"@id":"https:\/\/www.exatron.com.br\/produtos\/rele-de-telegestao\/#primaryimage"},"image":{"@id":"https:\/\/www.exatron.com.br\/produtos\/rele-de-telegestao\/#primaryimage"},"thumbnailUrl":"https:\/\/www.exatron.com.br\/wp-content\/uploads\/2025\/12\/vyrsenerjzyxwj62mahxxmlhtqc0hbmzvlzbnt1f.png","datePublished":"2025-12-08T15:08:53+00:00","dateModified":"2026-04-20T11:40:21+00:00","description":"Rel\u00e9 de Telegest\u00e3o Exatron LEIP4200 com medi\u00e7\u00e3o Classe B, Last Gasp, LoRaWAN, Contato Normalmente Aberto (NA) e controle remoto via software LIME.","breadcrumb":{"@id":"https:\/\/www.exatron.com.br\/produtos\/rele-de-telegestao\/#breadcrumb"},"inLanguage":"es","potentialAction":[{"@type":"ReadAction","target":["https:\/\/www.exatron.com.br\/produtos\/rele-de-telegestao\/"]}]},{"@type":"ImageObject","inLanguage":"es","@id":"https:\/\/www.exatron.com.br\/produtos\/rele-de-telegestao\/#primaryimage","url":"https:\/\/www.exatron.com.br\/wp-content\/uploads\/2025\/12\/vyrsenerjzyxwj62mahxxmlhtqc0hbmzvlzbnt1f.png","contentUrl":"https:\/\/www.exatron.com.br\/wp-content\/uploads\/2025\/12\/vyrsenerjzyxwj62mahxxmlhtqc0hbmzvlzbnt1f.png","width":684,"height":720,"caption":"Rel\u00e9 de Telegest\u00e3o"},{"@type":"BreadcrumbList","@id":"https:\/\/www.exatron.com.br\/produtos\/rele-de-telegestao\/#breadcrumb","itemListElement":[{"@type":"ListItem","position":1,"name":"In\u00edcio","item":"https:\/\/www.exatron.com.br\/"},{"@type":"ListItem","position":2,"name":"Loja","item":"https:\/\/www.exatron.com.br\/loja\/"},{"@type":"ListItem","position":3,"name":"Rel\u00e9 de Telegest\u00e3o"}]},{"@type":"WebSite","@id":"https:\/\/www.exatron.com.br\/#website","url":"https:\/\/www.exatron.com.br\/","name":"EXATRON","description":"","publisher":{"@id":"https:\/\/www.exatron.com.br\/#organization"},"potentialAction":[{"@type":"SearchAction","target":{"@type":"EntryPoint","urlTemplate":"https:\/\/www.exatron.com.br\/?s={search_term_string}"},"query-input":{"@type":"PropertyValueSpecification","valueRequired":true,"valueName":"search_term_string"}}],"inLanguage":"es"},{"@type":"Organization","@id":"https:\/\/www.exatron.com.br\/#organization","name":"EXATRON","url":"https:\/\/www.exatron.com.br\/","logo":{"@type":"ImageObject","inLanguage":"es","@id":"https:\/\/www.exatron.com.br\/#\/schema\/logo\/image\/","url":"https:\/\/www.exatron.com.br\/wp-content\/uploads\/2024\/11\/default-kit.png","contentUrl":"https:\/\/www.exatron.com.br\/wp-content\/uploads\/2024\/11\/default-kit.png","width":956,"height":192,"caption":"EXATRON"},"image":{"@id":"https:\/\/www.exatron.com.br\/#\/schema\/logo\/image\/"}}]}},"_links":{"self":[{"href":"https:\/\/www.exatron.com.br\/es\/wp-json\/wp\/v2\/product\/10775","targetHints":{"allow":["GET"]}}],"collection":[{"href":"https:\/\/www.exatron.com.br\/es\/wp-json\/wp\/v2\/product"}],"about":[{"href":"https:\/\/www.exatron.com.br\/es\/wp-json\/wp\/v2\/types\/product"}],"replies":[{"embeddable":true,"href":"https:\/\/www.exatron.com.br\/es\/wp-json\/wp\/v2\/comments?post=10775"}],"wp:featuredmedia":[{"embeddable":true,"href":"https:\/\/www.exatron.com.br\/es\/wp-json\/wp\/v2\/media\/10353"}],"wp:attachment":[{"href":"https:\/\/www.exatron.com.br\/es\/wp-json\/wp\/v2\/media?parent=10775"}],"wp:term":[{"taxonomy":"aplicacao","embeddable":true,"href":"https:\/\/www.exatron.com.br\/es\/wp-json\/wp\/v2\/aplicacao?post=10775"},{"taxonomy":"product_brand","embeddable":true,"href":"https:\/\/www.exatron.com.br\/es\/wp-json\/wp\/v2\/product_brand?post=10775"},{"taxonomy":"product_cat","embeddable":true,"href":"https:\/\/www.exatron.com.br\/es\/wp-json\/wp\/v2\/product_cat?post=10775"},{"taxonomy":"product_tag","embeddable":true,"href":"https:\/\/www.exatron.com.br\/es\/wp-json\/wp\/v2\/product_tag?post=10775"}],"curies":[{"name":"wp","href":"https:\/\/api.w.org\/{rel}","templated":true}]}}