{"id":10777,"date":"2025-12-08T15:08:53","date_gmt":"2025-12-08T15:08:53","guid":{"rendered":""},"modified":"2026-04-22T10:16:31","modified_gmt":"2026-04-22T13:16:31","slug":"interruptor-smart-sender","status":"publish","type":"product","link":"https:\/\/www.exatron.com.br\/es\/produtos\/interruptor-smart-sender\/","title":{"rendered":"Interruptor de env\u00edo inteligente"},"content":{"rendered":"<h3>Especificaciones t\u00e9cnicas<\/h3>\n<ul>\n<li>Tens\u00e3o Nominal: 100-240V~;<\/li>\n<li>Consumo pr\u00f3prio: \u2264 0,5W;<\/li>\n<li>Frecuencia de funcionamiento: 50\/60Hz;<\/li>\n<li>Tecnologia: BLE SIG Mesh 2,4GHz;<\/li>\n<li>Criptografia: AES;<\/li>\n<li>Entradas l1, l2 e l3: Pulso ou perman\u00eancia da mesma refer\u00eancia de fase do produto;<\/li>\n<li>Dist\u00e2ncia M\u00e1xima do Gateway Wi-Fi\/BLE SIG Mesh: at\u00e9 15m do Gateway BLE SIG Mesh ou dispositivo com BLE SIG mesh, sem obst\u00e1culos;<\/li>\n<li>Instala\u00e7\u00e3o: Embutida em caixa 4&#215;2, 4&#215;4, caixa sextavada ou forro;<\/li>\n<li>Temperatura de funcionamiento: 0\u00b0C a 40\u00b0C;<\/li>\n<li>Dimens\u00f5es: 46,2&#215;32,2&#215;20,4mm;<\/li>\n<\/ul>\n<p>&nbsp;<\/p>\n<p>Notas:<\/p>\n<p>O dispositivo opera em rede Bluetooth BLE SIG Mesh, na frequ\u00eancia de 2,4GHz, portanto \u00e9 preciso que o smartphone possua conex\u00e3o Bluetooth e tamb\u00e9m o Gateway Wi-Fi\/BLE SIG Mesh esteja conectado a uma rede Wi-Fi, para possibilitar intera\u00e7\u00e3o de forma remota. O desempenho do aplicativo e do produto dependem da estrutura de rede e do dispositivo m\u00f3vel utilizado.<\/p>\n<p>O Interruptor Smart Sender n\u00e3o repete o sinal BLE SIG Mesh. Para a utiliza\u00e7\u00e3o de todos os seus recursos, necessita estar pr\u00f3ximo do Gateway Smart Wi-Fi\/BLE SIG Mesh (LSIF6000) ou de outros dispositivos que reptem o sinal BLE SIG Mesh, como por exemplo, os Interruptores Smart Glass da Exatron.<\/p>\n<p>&nbsp;<\/p>\n<h3>Instalaci\u00f3n<\/h3>\n<p>\u00c9 ideal para automa\u00e7\u00e3o de resid\u00eancias, pr\u00e9dios comerciais e industriais, desempenhando um papel fundamental na cria\u00e7\u00e3o de cen\u00e1rios de automa\u00e7\u00e3o e ambientes mais eficientes, convenientes e seguros.<\/p>","protected":false},"excerpt":{"rendered":"<p>O Interruptor Smart Sender \u2013 LSIFS6000 \u00e9 uma solu\u00e7\u00e3o inovadora que transforma seus interruptores\/pulsadores comuns em elementos inteligentes de automa\u00e7\u00e3o residencial. Com ele, voc\u00ea pode integrar interruptores convencionais ao seu sistema de automa\u00e7\u00e3o e criar cenas personalizadas para diferentes ambientes, acionando dispositivos inteligentes com simples comandos em at\u00e9 3 modos de disparo distintos por interruptor, proporcionando flexibilidade e controle avan\u00e7ado.<\/p>\n<p>Possui tecnologia BLE SIG Mesh, para n\u00e3o sobrecarregar seu roteador Wi-Fi, sendo que em conjunto com a Interface Gateway Smart Wi-Fi\/BLE SIG Mesh, possibilita que voc\u00ea tenha at\u00e9 128 dispositivos ocupando apenas um canal da sua rede Wi-Fi, otimizando sua conectividade sem sacrificar a performance.<\/p>","protected":false},"featured_media":13437,"comment_status":"open","ping_status":"closed","template":"","meta":{"_acf_changed":false,"_joinchat":[]},"aplicacao":[],"product_brand":[],"product_cat":[370,322],"product_tag":[752,873,872,858,876],"class_list":{"0":"post-10777","1":"product","2":"type-product","3":"status-publish","4":"has-post-thumbnail","6":"product_cat-interruptor-smart-sender","7":"product_cat-myhouse-x","8":"product_tag-automacao-residencial","9":"product_tag-interruptor-inteligente","10":"product_tag-interruptor-smart","11":"product_tag-myhouse-x","12":"product_tag-sender-smart","14":"first","15":"instock","16":"shipping-taxable","17":"purchasable","18":"product-type-simple"},"acf":[],"yoast_head":"<!-- This site is optimized with the Yoast SEO plugin v27.3 - https:\/\/yoast.com\/product\/yoast-seo-wordpress\/ -->\n<title>Interruptor Smart Sender - EXATRON<\/title>\n<meta name=\"description\" content=\"Solu\u00e7\u00e3o inovadora que transforma seus interruptores\/pulsadores comuns em elementos inteligentes de automa\u00e7\u00e3o residencial.\" \/>\n<meta name=\"robots\" content=\"index, follow, max-snippet:-1, max-image-preview:large, max-video-preview:-1\" \/>\n<link rel=\"canonical\" href=\"https:\/\/www.exatron.com.br\/es\/produtos\/interruptor-smart-sender\/\" \/>\n<meta property=\"og:locale\" content=\"es_ES\" \/>\n<meta property=\"og:type\" content=\"article\" \/>\n<meta property=\"og:title\" content=\"Interruptor Smart Sender - EXATRON\" \/>\n<meta property=\"og:description\" content=\"Solu\u00e7\u00e3o inovadora que transforma seus interruptores\/pulsadores comuns em elementos inteligentes de automa\u00e7\u00e3o residencial.\" \/>\n<meta property=\"og:url\" content=\"https:\/\/www.exatron.com.br\/es\/produtos\/interruptor-smart-sender\/\" \/>\n<meta property=\"og:site_name\" content=\"EXATRON\" \/>\n<meta property=\"article:modified_time\" content=\"2026-04-22T13:16:31+00:00\" \/>\n<meta property=\"og:image\" content=\"https:\/\/www.exatron.com.br\/wp-content\/uploads\/lsifs6000-sem-fios.jpg\" \/>\n\t<meta property=\"og:image:width\" content=\"540\" \/>\n\t<meta property=\"og:image:height\" content=\"540\" \/>\n\t<meta property=\"og:image:type\" content=\"image\/jpeg\" \/>\n<meta name=\"twitter:card\" content=\"summary_large_image\" \/>\n<meta name=\"twitter:label1\" content=\"Tiempo de lectura\" \/>\n\t<meta name=\"twitter:data1\" content=\"2 minutos\" \/>\n<script type=\"application\/ld+json\" class=\"yoast-schema-graph\">{\"@context\":\"https:\\\/\\\/schema.org\",\"@graph\":[{\"@type\":\"WebPage\",\"@id\":\"https:\\\/\\\/www.exatron.com.br\\\/produtos\\\/interruptor-smart-sender\\\/\",\"url\":\"https:\\\/\\\/www.exatron.com.br\\\/produtos\\\/interruptor-smart-sender\\\/\",\"name\":\"Interruptor Smart Sender - EXATRON\",\"isPartOf\":{\"@id\":\"https:\\\/\\\/www.exatron.com.br\\\/#website\"},\"primaryImageOfPage\":{\"@id\":\"https:\\\/\\\/www.exatron.com.br\\\/produtos\\\/interruptor-smart-sender\\\/#primaryimage\"},\"image\":{\"@id\":\"https:\\\/\\\/www.exatron.com.br\\\/produtos\\\/interruptor-smart-sender\\\/#primaryimage\"},\"thumbnailUrl\":\"https:\\\/\\\/www.exatron.com.br\\\/wp-content\\\/uploads\\\/lsifs6000-sem-fios.jpg\",\"datePublished\":\"2025-12-08T15:08:53+00:00\",\"dateModified\":\"2026-04-22T13:16:31+00:00\",\"description\":\"Solu\u00e7\u00e3o inovadora que transforma seus interruptores\\\/pulsadores comuns em elementos inteligentes de automa\u00e7\u00e3o residencial.\",\"breadcrumb\":{\"@id\":\"https:\\\/\\\/www.exatron.com.br\\\/produtos\\\/interruptor-smart-sender\\\/#breadcrumb\"},\"inLanguage\":\"es\",\"potentialAction\":[{\"@type\":\"ReadAction\",\"target\":[\"https:\\\/\\\/www.exatron.com.br\\\/produtos\\\/interruptor-smart-sender\\\/\"]}]},{\"@type\":\"ImageObject\",\"inLanguage\":\"es\",\"@id\":\"https:\\\/\\\/www.exatron.com.br\\\/produtos\\\/interruptor-smart-sender\\\/#primaryimage\",\"url\":\"https:\\\/\\\/www.exatron.com.br\\\/wp-content\\\/uploads\\\/lsifs6000-sem-fios.jpg\",\"contentUrl\":\"https:\\\/\\\/www.exatron.com.br\\\/wp-content\\\/uploads\\\/lsifs6000-sem-fios.jpg\",\"width\":540,\"height\":540,\"caption\":\"O Interruptor Smart Sender \u2013 LSIFS6000 \u00e9 uma solu\u00e7\u00e3o inovadora que transforma seus interruptores\\\/pulsadores comuns em elementos inteligentes de automa\u00e7\u00e3o residencial.\"},{\"@type\":\"BreadcrumbList\",\"@id\":\"https:\\\/\\\/www.exatron.com.br\\\/produtos\\\/interruptor-smart-sender\\\/#breadcrumb\",\"itemListElement\":[{\"@type\":\"ListItem\",\"position\":1,\"name\":\"In\u00edcio\",\"item\":\"https:\\\/\\\/www.exatron.com.br\\\/\"},{\"@type\":\"ListItem\",\"position\":2,\"name\":\"Loja\",\"item\":\"https:\\\/\\\/www.exatron.com.br\\\/loja\\\/\"},{\"@type\":\"ListItem\",\"position\":3,\"name\":\"Interruptor Smart Sender\"}]},{\"@type\":\"WebSite\",\"@id\":\"https:\\\/\\\/www.exatron.com.br\\\/#website\",\"url\":\"https:\\\/\\\/www.exatron.com.br\\\/\",\"name\":\"EXATRON\",\"description\":\"\",\"publisher\":{\"@id\":\"https:\\\/\\\/www.exatron.com.br\\\/#organization\"},\"potentialAction\":[{\"@type\":\"SearchAction\",\"target\":{\"@type\":\"EntryPoint\",\"urlTemplate\":\"https:\\\/\\\/www.exatron.com.br\\\/?s={search_term_string}\"},\"query-input\":{\"@type\":\"PropertyValueSpecification\",\"valueRequired\":true,\"valueName\":\"search_term_string\"}}],\"inLanguage\":\"es\"},{\"@type\":\"Organization\",\"@id\":\"https:\\\/\\\/www.exatron.com.br\\\/#organization\",\"name\":\"EXATRON\",\"url\":\"https:\\\/\\\/www.exatron.com.br\\\/\",\"logo\":{\"@type\":\"ImageObject\",\"inLanguage\":\"es\",\"@id\":\"https:\\\/\\\/www.exatron.com.br\\\/#\\\/schema\\\/logo\\\/image\\\/\",\"url\":\"https:\\\/\\\/www.exatron.com.br\\\/wp-content\\\/uploads\\\/2024\\\/11\\\/default-kit.png\",\"contentUrl\":\"https:\\\/\\\/www.exatron.com.br\\\/wp-content\\\/uploads\\\/2024\\\/11\\\/default-kit.png\",\"width\":956,\"height\":192,\"caption\":\"EXATRON\"},\"image\":{\"@id\":\"https:\\\/\\\/www.exatron.com.br\\\/#\\\/schema\\\/logo\\\/image\\\/\"}}]}<\/script>\n<!-- \/ Yoast SEO plugin. -->","yoast_head_json":{"title":"Interruptor Smart Sender - EXATRON","description":"Solu\u00e7\u00e3o inovadora que transforma seus interruptores\/pulsadores comuns em elementos inteligentes de automa\u00e7\u00e3o residencial.","robots":{"index":"index","follow":"follow","max-snippet":"max-snippet:-1","max-image-preview":"max-image-preview:large","max-video-preview":"max-video-preview:-1"},"canonical":"https:\/\/www.exatron.com.br\/es\/produtos\/interruptor-smart-sender\/","og_locale":"es_ES","og_type":"article","og_title":"Interruptor Smart Sender - EXATRON","og_description":"Solu\u00e7\u00e3o inovadora que transforma seus interruptores\/pulsadores comuns em elementos inteligentes de automa\u00e7\u00e3o residencial.","og_url":"https:\/\/www.exatron.com.br\/es\/produtos\/interruptor-smart-sender\/","og_site_name":"EXATRON","article_modified_time":"2026-04-22T13:16:31+00:00","og_image":[{"width":540,"height":540,"url":"https:\/\/www.exatron.com.br\/wp-content\/uploads\/lsifs6000-sem-fios.jpg","type":"image\/jpeg"}],"twitter_card":"summary_large_image","twitter_misc":{"Tiempo de lectura":"2 minutos"},"schema":{"@context":"https:\/\/schema.org","@graph":[{"@type":"WebPage","@id":"https:\/\/www.exatron.com.br\/produtos\/interruptor-smart-sender\/","url":"https:\/\/www.exatron.com.br\/produtos\/interruptor-smart-sender\/","name":"Interruptor Smart Sender - EXATRON","isPartOf":{"@id":"https:\/\/www.exatron.com.br\/#website"},"primaryImageOfPage":{"@id":"https:\/\/www.exatron.com.br\/produtos\/interruptor-smart-sender\/#primaryimage"},"image":{"@id":"https:\/\/www.exatron.com.br\/produtos\/interruptor-smart-sender\/#primaryimage"},"thumbnailUrl":"https:\/\/www.exatron.com.br\/wp-content\/uploads\/lsifs6000-sem-fios.jpg","datePublished":"2025-12-08T15:08:53+00:00","dateModified":"2026-04-22T13:16:31+00:00","description":"Solu\u00e7\u00e3o inovadora que transforma seus interruptores\/pulsadores comuns em elementos inteligentes de automa\u00e7\u00e3o residencial.","breadcrumb":{"@id":"https:\/\/www.exatron.com.br\/produtos\/interruptor-smart-sender\/#breadcrumb"},"inLanguage":"es","potentialAction":[{"@type":"ReadAction","target":["https:\/\/www.exatron.com.br\/produtos\/interruptor-smart-sender\/"]}]},{"@type":"ImageObject","inLanguage":"es","@id":"https:\/\/www.exatron.com.br\/produtos\/interruptor-smart-sender\/#primaryimage","url":"https:\/\/www.exatron.com.br\/wp-content\/uploads\/lsifs6000-sem-fios.jpg","contentUrl":"https:\/\/www.exatron.com.br\/wp-content\/uploads\/lsifs6000-sem-fios.jpg","width":540,"height":540,"caption":"O Interruptor Smart Sender \u2013 LSIFS6000 \u00e9 uma solu\u00e7\u00e3o inovadora que transforma seus interruptores\/pulsadores comuns em elementos inteligentes de automa\u00e7\u00e3o residencial."},{"@type":"BreadcrumbList","@id":"https:\/\/www.exatron.com.br\/produtos\/interruptor-smart-sender\/#breadcrumb","itemListElement":[{"@type":"ListItem","position":1,"name":"In\u00edcio","item":"https:\/\/www.exatron.com.br\/"},{"@type":"ListItem","position":2,"name":"Loja","item":"https:\/\/www.exatron.com.br\/loja\/"},{"@type":"ListItem","position":3,"name":"Interruptor Smart Sender"}]},{"@type":"WebSite","@id":"https:\/\/www.exatron.com.br\/#website","url":"https:\/\/www.exatron.com.br\/","name":"EXATRON","description":"","publisher":{"@id":"https:\/\/www.exatron.com.br\/#organization"},"potentialAction":[{"@type":"SearchAction","target":{"@type":"EntryPoint","urlTemplate":"https:\/\/www.exatron.com.br\/?s={search_term_string}"},"query-input":{"@type":"PropertyValueSpecification","valueRequired":true,"valueName":"search_term_string"}}],"inLanguage":"es"},{"@type":"Organization","@id":"https:\/\/www.exatron.com.br\/#organization","name":"EXATRON","url":"https:\/\/www.exatron.com.br\/","logo":{"@type":"ImageObject","inLanguage":"es","@id":"https:\/\/www.exatron.com.br\/#\/schema\/logo\/image\/","url":"https:\/\/www.exatron.com.br\/wp-content\/uploads\/2024\/11\/default-kit.png","contentUrl":"https:\/\/www.exatron.com.br\/wp-content\/uploads\/2024\/11\/default-kit.png","width":956,"height":192,"caption":"EXATRON"},"image":{"@id":"https:\/\/www.exatron.com.br\/#\/schema\/logo\/image\/"}}]}},"_links":{"self":[{"href":"https:\/\/www.exatron.com.br\/es\/wp-json\/wp\/v2\/product\/10777","targetHints":{"allow":["GET"]}}],"collection":[{"href":"https:\/\/www.exatron.com.br\/es\/wp-json\/wp\/v2\/product"}],"about":[{"href":"https:\/\/www.exatron.com.br\/es\/wp-json\/wp\/v2\/types\/product"}],"replies":[{"embeddable":true,"href":"https:\/\/www.exatron.com.br\/es\/wp-json\/wp\/v2\/comments?post=10777"}],"wp:featuredmedia":[{"embeddable":true,"href":"https:\/\/www.exatron.com.br\/es\/wp-json\/wp\/v2\/media\/13437"}],"wp:attachment":[{"href":"https:\/\/www.exatron.com.br\/es\/wp-json\/wp\/v2\/media?parent=10777"}],"wp:term":[{"taxonomy":"aplicacao","embeddable":true,"href":"https:\/\/www.exatron.com.br\/es\/wp-json\/wp\/v2\/aplicacao?post=10777"},{"taxonomy":"product_brand","embeddable":true,"href":"https:\/\/www.exatron.com.br\/es\/wp-json\/wp\/v2\/product_brand?post=10777"},{"taxonomy":"product_cat","embeddable":true,"href":"https:\/\/www.exatron.com.br\/es\/wp-json\/wp\/v2\/product_cat?post=10777"},{"taxonomy":"product_tag","embeddable":true,"href":"https:\/\/www.exatron.com.br\/es\/wp-json\/wp\/v2\/product_tag?post=10777"}],"curies":[{"name":"wp","href":"https:\/\/api.w.org\/{rel}","templated":true}]}}