{"id":10780,"date":"2025-12-08T15:08:53","date_gmt":"2025-12-08T15:08:53","guid":{"rendered":""},"modified":"2026-04-15T17:24:36","modified_gmt":"2026-04-15T20:24:36","slug":"sensor-de-presenca-teto-ni-360-dip-switch-1","status":"publish","type":"product","link":"https:\/\/www.exatron.com.br\/es\/produtos\/sensor-de-presenca-teto-ni-360-dip-switch-1\/","title":{"rendered":"Sensor de Presen\u00e7a Teto NI 360\u00b0 DIP SWITCH"},"content":{"rendered":"<h3>Especificaciones t\u00e9cnicas<\/h3>\n<ul>\n<li>Tens\u00e3o: 100 &#8211; 240 V~<\/li>\n<li>Consumo: &lt;1W<\/li>\n<li>Frequ\u00eancia de opera\u00e7\u00e3o: 60Hz<\/li>\n<li>\u00c1rea de cobertura: Cobertura: 360\u00b0 com alcance de at\u00e9 \u00d87 m (raio de 3,5m) instalado na altura de 2,4 m em temperatura ambiente de 25\u00b0C<\/li>\n<li>Fotoc\u00e9lula: ao detectar movimento no ambiente, no modo SEM, aciona sempre a l\u00e2mpada. J\u00e1 no modo COM, acionar\u00e1 com o ambiente escuro (depende da luminosidade ambiente onde o sensor est\u00e1 instalado)<\/li>\n<li>Timer configur\u00e1vel ajustes pelo Dip Switch:\u00a04 tempos: 1segundo, 1 minuto, 3 minutos, 10 minutos<\/li>\n<li>Amigo da l\u00e2mpada: sistema de acionamento da carga com baixa tens\u00e3o el\u00e9trica &lt; 50 V, aumentando a vida \u00fatil do conjunto (l\u00e2mpadas, reator e sensor)<\/li>\n<li>Recontagem de tempo autom\u00e1tica a partir da \u00faltima detec\u00e7\u00e3o<\/li>\n<li>Economia de energia de at\u00e9 75%<\/li>\n<li>Possui LED indicador de funcionamento<\/li>\n<li>Composi\u00e7\u00e3o: componentes pl\u00e1sticos, componentes eletr\u00f4nicos e ligas met\u00e1licas<\/li>\n<li>Grau de prote\u00e7\u00e3o (IP): IP32<\/li>\n<li>Acompanha parafusos para o sistema de sobrepor e molas para embutir no teto<\/li>\n<li>Garantia: 02 anos<\/li>\n<li>Capacidade de carga (l\u00e2mpadas):<\/li>\n<\/ul>\n<figure class=\"table\">\n<table>\n<tbody>\n<tr>\n<td>Voltaje<\/td>\n<td>Electr\u00f3nica\/LED<\/td>\n<td>Hal\u00f3geno<\/td>\n<\/tr>\n<tr>\n<td>127V~<\/td>\n<td>180W<\/td>\n<td>400W<\/td>\n<\/tr>\n<tr>\n<td>220V~<\/td>\n<td>280W<\/td>\n<td>800W<\/td>\n<\/tr>\n<tr>\n<td colspan=\"3\">THD&lt;20% E FP&gt;0,90<\/td>\n<\/tr>\n<\/tbody>\n<\/table>\n<\/figure>","protected":false},"excerpt":{"rendered":"<p>O Sensor de Presen\u00e7a Teto NI 360\u00b0 DIP SWITCH LESTNIDP SP \u00e9 uma solu\u00e7\u00e3o inteligente para automa\u00e7\u00e3o de ilumina\u00e7\u00e3o. Detecta movimentos de pessoas ou carros e aciona a luz automaticamente, desligando no tempo programado. Ideal para ambientes internos como corredores, garagens, recep\u00e7\u00f5es e escrit\u00f3rios, permite instala\u00e7\u00e3o sobreposta ou embutida.<\/p>\n<p>Com tecnologia microcontrolada e ajustes pelo DIP SWITCH, oferece alta imunidade a interfer\u00eancias e prolonga a vida \u00fatil das l\u00e2mpadas com o sistema &#8220;Amigo da L\u00e2mpada&#8221;. Pr\u00e1tico, eficiente e dur\u00e1vel, \u00e9 a escolha certa para economia e seguran\u00e7a.<\/p>","protected":false},"featured_media":14461,"comment_status":"open","ping_status":"closed","template":"","meta":{"_acf_changed":false,"_joinchat":[]},"aplicacao":[267],"product_brand":[],"product_cat":[349,326,379],"product_tag":[642,629,684,582,545,626,659,625,660,685,672],"class_list":{"0":"post-10780","1":"product","2":"type-product","3":"status-publish","4":"has-post-thumbnail","6":"aplicacao-iluminacao-interna-sensores-de-presenca","7":"product_cat-dip","8":"product_cat-sensores-de-presenca-para-iluminacao","9":"product_cat-teto","10":"product_tag-ambientes-internos","11":"product_tag-bivolt","12":"product_tag-dip","13":"product_tag-economia-de-energia","14":"product_tag-iluminacao","15":"product_tag-sensor-360","16":"product_tag-sensor-de-movimento","17":"product_tag-sensor-de-presenca","18":"product_tag-sensor-de-teto","19":"product_tag-sensor-dip","20":"product_tag-tecnologia","22":"first","23":"onbackorder","24":"shipping-taxable","25":"product-type-variable","26":"has-default-attributes"},"acf":[],"yoast_head":"<!-- This site is optimized with the Yoast SEO plugin v27.3 - https:\/\/yoast.com\/product\/yoast-seo-wordpress\/ -->\n<title>Sensor de Presen\u00e7a Teto NI 360\u00b0 DIP SWITCH - EXATRON<\/title>\n<meta name=\"description\" content=\"LESTNIDP SP: Controle de ilumina\u00e7\u00e3o eficiente com detec\u00e7\u00e3o 360\u00b0, economia de energia e instala\u00e7\u00e3o vers\u00e1til. Solu\u00e7\u00e3o inteligente para ilumina\u00e7\u00e3o!\" \/>\n<meta name=\"robots\" content=\"index, follow, max-snippet:-1, max-image-preview:large, max-video-preview:-1\" \/>\n<link rel=\"canonical\" href=\"https:\/\/www.exatron.com.br\/es\/produtos\/sensor-de-presenca-teto-ni-360-dip-switch-1\/\" \/>\n<meta property=\"og:locale\" content=\"es_ES\" \/>\n<meta property=\"og:type\" content=\"article\" \/>\n<meta property=\"og:title\" content=\"Sensor de Presen\u00e7a Teto NI 360\u00b0 DIP SWITCH - EXATRON\" \/>\n<meta property=\"og:description\" content=\"LESTNIDP SP: Controle de ilumina\u00e7\u00e3o eficiente com detec\u00e7\u00e3o 360\u00b0, economia de energia e instala\u00e7\u00e3o vers\u00e1til. Solu\u00e7\u00e3o inteligente para ilumina\u00e7\u00e3o!\" \/>\n<meta property=\"og:url\" content=\"https:\/\/www.exatron.com.br\/es\/produtos\/sensor-de-presenca-teto-ni-360-dip-switch-1\/\" \/>\n<meta property=\"og:site_name\" content=\"EXATRON\" \/>\n<meta property=\"article:modified_time\" content=\"2026-04-15T20:24:36+00:00\" \/>\n<meta property=\"og:image\" content=\"https:\/\/www.exatron.com.br\/wp-content\/uploads\/lestnidp-sp_.png\" \/>\n\t<meta property=\"og:image:width\" content=\"1000\" \/>\n\t<meta property=\"og:image:height\" content=\"1000\" \/>\n\t<meta property=\"og:image:type\" content=\"image\/png\" \/>\n<meta name=\"twitter:card\" content=\"summary_large_image\" \/>\n<meta name=\"twitter:label1\" content=\"Tiempo de lectura\" \/>\n\t<meta name=\"twitter:data1\" content=\"2 minutos\" \/>\n<script type=\"application\/ld+json\" class=\"yoast-schema-graph\">{\"@context\":\"https:\\\/\\\/schema.org\",\"@graph\":[{\"@type\":\"WebPage\",\"@id\":\"https:\\\/\\\/www.exatron.com.br\\\/produtos\\\/sensor-de-presenca-teto-ni-360-dip-switch-1\\\/\",\"url\":\"https:\\\/\\\/www.exatron.com.br\\\/produtos\\\/sensor-de-presenca-teto-ni-360-dip-switch-1\\\/\",\"name\":\"Sensor de Presen\u00e7a Teto NI 360\u00b0 DIP SWITCH - EXATRON\",\"isPartOf\":{\"@id\":\"https:\\\/\\\/www.exatron.com.br\\\/#website\"},\"primaryImageOfPage\":{\"@id\":\"https:\\\/\\\/www.exatron.com.br\\\/produtos\\\/sensor-de-presenca-teto-ni-360-dip-switch-1\\\/#primaryimage\"},\"image\":{\"@id\":\"https:\\\/\\\/www.exatron.com.br\\\/produtos\\\/sensor-de-presenca-teto-ni-360-dip-switch-1\\\/#primaryimage\"},\"thumbnailUrl\":\"https:\\\/\\\/www.exatron.com.br\\\/wp-content\\\/uploads\\\/lestnidp-sp_.png\",\"datePublished\":\"2025-12-08T15:08:53+00:00\",\"dateModified\":\"2026-04-15T20:24:36+00:00\",\"description\":\"LESTNIDP SP: Controle de ilumina\u00e7\u00e3o eficiente com detec\u00e7\u00e3o 360\u00b0, economia de energia e instala\u00e7\u00e3o vers\u00e1til. Solu\u00e7\u00e3o inteligente para ilumina\u00e7\u00e3o!\",\"breadcrumb\":{\"@id\":\"https:\\\/\\\/www.exatron.com.br\\\/produtos\\\/sensor-de-presenca-teto-ni-360-dip-switch-1\\\/#breadcrumb\"},\"inLanguage\":\"es\",\"potentialAction\":[{\"@type\":\"ReadAction\",\"target\":[\"https:\\\/\\\/www.exatron.com.br\\\/produtos\\\/sensor-de-presenca-teto-ni-360-dip-switch-1\\\/\"]}]},{\"@type\":\"ImageObject\",\"inLanguage\":\"es\",\"@id\":\"https:\\\/\\\/www.exatron.com.br\\\/produtos\\\/sensor-de-presenca-teto-ni-360-dip-switch-1\\\/#primaryimage\",\"url\":\"https:\\\/\\\/www.exatron.com.br\\\/wp-content\\\/uploads\\\/lestnidp-sp_.png\",\"contentUrl\":\"https:\\\/\\\/www.exatron.com.br\\\/wp-content\\\/uploads\\\/lestnidp-sp_.png\",\"width\":1000,\"height\":1000,\"caption\":\"Sensor de Presen\u00e7a Teto NI 360\u00b0 DIP SWITCH - frente\"},{\"@type\":\"BreadcrumbList\",\"@id\":\"https:\\\/\\\/www.exatron.com.br\\\/produtos\\\/sensor-de-presenca-teto-ni-360-dip-switch-1\\\/#breadcrumb\",\"itemListElement\":[{\"@type\":\"ListItem\",\"position\":1,\"name\":\"In\u00edcio\",\"item\":\"https:\\\/\\\/www.exatron.com.br\\\/\"},{\"@type\":\"ListItem\",\"position\":2,\"name\":\"Loja\",\"item\":\"https:\\\/\\\/www.exatron.com.br\\\/loja\\\/\"},{\"@type\":\"ListItem\",\"position\":3,\"name\":\"Sensor de Presen\u00e7a Teto NI 360\u00b0 DIP SWITCH\"}]},{\"@type\":\"WebSite\",\"@id\":\"https:\\\/\\\/www.exatron.com.br\\\/#website\",\"url\":\"https:\\\/\\\/www.exatron.com.br\\\/\",\"name\":\"EXATRON\",\"description\":\"\",\"publisher\":{\"@id\":\"https:\\\/\\\/www.exatron.com.br\\\/#organization\"},\"potentialAction\":[{\"@type\":\"SearchAction\",\"target\":{\"@type\":\"EntryPoint\",\"urlTemplate\":\"https:\\\/\\\/www.exatron.com.br\\\/?s={search_term_string}\"},\"query-input\":{\"@type\":\"PropertyValueSpecification\",\"valueRequired\":true,\"valueName\":\"search_term_string\"}}],\"inLanguage\":\"es\"},{\"@type\":\"Organization\",\"@id\":\"https:\\\/\\\/www.exatron.com.br\\\/#organization\",\"name\":\"EXATRON\",\"url\":\"https:\\\/\\\/www.exatron.com.br\\\/\",\"logo\":{\"@type\":\"ImageObject\",\"inLanguage\":\"es\",\"@id\":\"https:\\\/\\\/www.exatron.com.br\\\/#\\\/schema\\\/logo\\\/image\\\/\",\"url\":\"https:\\\/\\\/www.exatron.com.br\\\/wp-content\\\/uploads\\\/2024\\\/11\\\/default-kit.png\",\"contentUrl\":\"https:\\\/\\\/www.exatron.com.br\\\/wp-content\\\/uploads\\\/2024\\\/11\\\/default-kit.png\",\"width\":956,\"height\":192,\"caption\":\"EXATRON\"},\"image\":{\"@id\":\"https:\\\/\\\/www.exatron.com.br\\\/#\\\/schema\\\/logo\\\/image\\\/\"}}]}<\/script>\n<!-- \/ Yoast SEO plugin. -->","yoast_head_json":{"title":"Sensor de Presen\u00e7a Teto NI 360\u00b0 DIP SWITCH - EXATRON","description":"LESTNIDP SP: Controle de ilumina\u00e7\u00e3o eficiente com detec\u00e7\u00e3o 360\u00b0, economia de energia e instala\u00e7\u00e3o vers\u00e1til. Solu\u00e7\u00e3o inteligente para ilumina\u00e7\u00e3o!","robots":{"index":"index","follow":"follow","max-snippet":"max-snippet:-1","max-image-preview":"max-image-preview:large","max-video-preview":"max-video-preview:-1"},"canonical":"https:\/\/www.exatron.com.br\/es\/produtos\/sensor-de-presenca-teto-ni-360-dip-switch-1\/","og_locale":"es_ES","og_type":"article","og_title":"Sensor de Presen\u00e7a Teto NI 360\u00b0 DIP SWITCH - EXATRON","og_description":"LESTNIDP SP: Controle de ilumina\u00e7\u00e3o eficiente com detec\u00e7\u00e3o 360\u00b0, economia de energia e instala\u00e7\u00e3o vers\u00e1til. Solu\u00e7\u00e3o inteligente para ilumina\u00e7\u00e3o!","og_url":"https:\/\/www.exatron.com.br\/es\/produtos\/sensor-de-presenca-teto-ni-360-dip-switch-1\/","og_site_name":"EXATRON","article_modified_time":"2026-04-15T20:24:36+00:00","og_image":[{"width":1000,"height":1000,"url":"https:\/\/www.exatron.com.br\/wp-content\/uploads\/lestnidp-sp_.png","type":"image\/png"}],"twitter_card":"summary_large_image","twitter_misc":{"Tiempo de lectura":"2 minutos"},"schema":{"@context":"https:\/\/schema.org","@graph":[{"@type":"WebPage","@id":"https:\/\/www.exatron.com.br\/produtos\/sensor-de-presenca-teto-ni-360-dip-switch-1\/","url":"https:\/\/www.exatron.com.br\/produtos\/sensor-de-presenca-teto-ni-360-dip-switch-1\/","name":"Sensor de Presen\u00e7a Teto NI 360\u00b0 DIP SWITCH - EXATRON","isPartOf":{"@id":"https:\/\/www.exatron.com.br\/#website"},"primaryImageOfPage":{"@id":"https:\/\/www.exatron.com.br\/produtos\/sensor-de-presenca-teto-ni-360-dip-switch-1\/#primaryimage"},"image":{"@id":"https:\/\/www.exatron.com.br\/produtos\/sensor-de-presenca-teto-ni-360-dip-switch-1\/#primaryimage"},"thumbnailUrl":"https:\/\/www.exatron.com.br\/wp-content\/uploads\/lestnidp-sp_.png","datePublished":"2025-12-08T15:08:53+00:00","dateModified":"2026-04-15T20:24:36+00:00","description":"LESTNIDP SP: Controle de ilumina\u00e7\u00e3o eficiente com detec\u00e7\u00e3o 360\u00b0, economia de energia e instala\u00e7\u00e3o vers\u00e1til. Solu\u00e7\u00e3o inteligente para ilumina\u00e7\u00e3o!","breadcrumb":{"@id":"https:\/\/www.exatron.com.br\/produtos\/sensor-de-presenca-teto-ni-360-dip-switch-1\/#breadcrumb"},"inLanguage":"es","potentialAction":[{"@type":"ReadAction","target":["https:\/\/www.exatron.com.br\/produtos\/sensor-de-presenca-teto-ni-360-dip-switch-1\/"]}]},{"@type":"ImageObject","inLanguage":"es","@id":"https:\/\/www.exatron.com.br\/produtos\/sensor-de-presenca-teto-ni-360-dip-switch-1\/#primaryimage","url":"https:\/\/www.exatron.com.br\/wp-content\/uploads\/lestnidp-sp_.png","contentUrl":"https:\/\/www.exatron.com.br\/wp-content\/uploads\/lestnidp-sp_.png","width":1000,"height":1000,"caption":"Sensor de Presen\u00e7a Teto NI 360\u00b0 DIP SWITCH - frente"},{"@type":"BreadcrumbList","@id":"https:\/\/www.exatron.com.br\/produtos\/sensor-de-presenca-teto-ni-360-dip-switch-1\/#breadcrumb","itemListElement":[{"@type":"ListItem","position":1,"name":"In\u00edcio","item":"https:\/\/www.exatron.com.br\/"},{"@type":"ListItem","position":2,"name":"Loja","item":"https:\/\/www.exatron.com.br\/loja\/"},{"@type":"ListItem","position":3,"name":"Sensor de Presen\u00e7a Teto NI 360\u00b0 DIP SWITCH"}]},{"@type":"WebSite","@id":"https:\/\/www.exatron.com.br\/#website","url":"https:\/\/www.exatron.com.br\/","name":"EXATRON","description":"","publisher":{"@id":"https:\/\/www.exatron.com.br\/#organization"},"potentialAction":[{"@type":"SearchAction","target":{"@type":"EntryPoint","urlTemplate":"https:\/\/www.exatron.com.br\/?s={search_term_string}"},"query-input":{"@type":"PropertyValueSpecification","valueRequired":true,"valueName":"search_term_string"}}],"inLanguage":"es"},{"@type":"Organization","@id":"https:\/\/www.exatron.com.br\/#organization","name":"EXATRON","url":"https:\/\/www.exatron.com.br\/","logo":{"@type":"ImageObject","inLanguage":"es","@id":"https:\/\/www.exatron.com.br\/#\/schema\/logo\/image\/","url":"https:\/\/www.exatron.com.br\/wp-content\/uploads\/2024\/11\/default-kit.png","contentUrl":"https:\/\/www.exatron.com.br\/wp-content\/uploads\/2024\/11\/default-kit.png","width":956,"height":192,"caption":"EXATRON"},"image":{"@id":"https:\/\/www.exatron.com.br\/#\/schema\/logo\/image\/"}}]}},"_links":{"self":[{"href":"https:\/\/www.exatron.com.br\/es\/wp-json\/wp\/v2\/product\/10780","targetHints":{"allow":["GET"]}}],"collection":[{"href":"https:\/\/www.exatron.com.br\/es\/wp-json\/wp\/v2\/product"}],"about":[{"href":"https:\/\/www.exatron.com.br\/es\/wp-json\/wp\/v2\/types\/product"}],"replies":[{"embeddable":true,"href":"https:\/\/www.exatron.com.br\/es\/wp-json\/wp\/v2\/comments?post=10780"}],"wp:featuredmedia":[{"embeddable":true,"href":"https:\/\/www.exatron.com.br\/es\/wp-json\/wp\/v2\/media\/14461"}],"wp:attachment":[{"href":"https:\/\/www.exatron.com.br\/es\/wp-json\/wp\/v2\/media?parent=10780"}],"wp:term":[{"taxonomy":"aplicacao","embeddable":true,"href":"https:\/\/www.exatron.com.br\/es\/wp-json\/wp\/v2\/aplicacao?post=10780"},{"taxonomy":"product_brand","embeddable":true,"href":"https:\/\/www.exatron.com.br\/es\/wp-json\/wp\/v2\/product_brand?post=10780"},{"taxonomy":"product_cat","embeddable":true,"href":"https:\/\/www.exatron.com.br\/es\/wp-json\/wp\/v2\/product_cat?post=10780"},{"taxonomy":"product_tag","embeddable":true,"href":"https:\/\/www.exatron.com.br\/es\/wp-json\/wp\/v2\/product_tag?post=10780"}],"curies":[{"name":"wp","href":"https:\/\/api.w.org\/{rel}","templated":true}]}}