{"id":13091,"date":"2026-02-23T13:21:54","date_gmt":"2026-02-23T16:21:54","guid":{"rendered":"https:\/\/exatron.com.br\/?post_type=product&#038;p=13091"},"modified":"2026-04-23T16:52:12","modified_gmt":"2026-04-23T19:52:12","slug":"rele-compacto-smart-x-control-bivolt","status":"publish","type":"product","link":"https:\/\/www.exatron.com.br\/es\/produtos\/rele-compacto-smart-x-control-bivolt\/","title":{"rendered":"Rel\u00e9 compacto Smart X-Control 2.0"},"content":{"rendered":"<h3>Especificaciones t\u00e9cnicas:<\/h3>\n<ul>\n<li>Voltaje: 100-240V~;<\/li>\n<li>Frecuencia de funcionamiento: 50\/60Hz;<\/li>\n<li>Consumo de energ\u00eda: &lt;0,4 W;<\/li>\n<li>Tecnolog\u00eda: Basada en microcontrolador y preconfigurada de f\u00e1brica. Su configuraci\u00f3n se puede modificar mediante la aplicaci\u00f3n Smart X-Control.<\/li>\n<li>Estado inicial de los contactos: Normalmente abierto (NO);<\/li>\n<li>Material: Resina de polipropileno (PP) y componentes electr\u00f3nicos;<\/li>\n<li>Funci\u00f3n de temporizador: Autom\u00e1tico, 1, 2, 3, 4, 5, 6, 7, 8, 9, 10, 11, 12 horas;<\/li>\n<li>Funci\u00f3n autom\u00e1tica (AUTO): enciende la luz cuando oscurece y la apaga autom\u00e1ticamente cuando hay luz natural;<\/li>\n<li>Ajuste de fotoc\u00e9lula: de noche, al anochecer y al atardecer;<\/li>\n<li>Funci\u00f3n aleatoria: enciende y apaga la luz de forma aleatoria en ausencia de luz natural, variando entre 10 minutos y 3 horas y 40 minutos.<\/li>\n<li>Funci\u00f3n de reinicio: restablece la configuraci\u00f3n del producto a los valores predeterminados de f\u00e1brica;<\/li>\n<li>Lamp-friendly: sistema de activaci\u00f3n de carga con baja tensi\u00f3n el\u00e9ctrica &lt;50V, aumentando la vida \u00fatil del conjunto (carga y rel\u00e9);<\/li>\n<li>Grado de protecci\u00f3n: IP67;<\/li>\n<li>Garant\u00eda: 2 a\u00f1os;<\/li>\n<li>Dimensiones: 54\u00d750,8x26mm;<\/li>\n<li>Filtro de tiempo: doble retardo que evita activaciones involuntarias por cambios bruscos de luminosidad como rayos, l\u00e1seres, nubes, etc. Entre 2 y 5 segundos para encender o apagar;<\/li>\n<li>Temperatura de funcionamiento: -5\u00b0C a +50\u00b0C;<\/li>\n<li>Tiene un soporte de montaje extra\u00edble;<\/li>\n<li>Potencia de control:<\/li>\n<\/ul>\n<table>\n<tbody>\n<tr>\n<td><strong>Voltaje<\/strong><\/td>\n<td><strong>Electr\u00f3nica\/LED<\/strong><\/td>\n<td><strong>Hal\u00f3geno<\/strong><\/td>\n<\/tr>\n<tr>\n<td>220 V<\/td>\n<td>300 W<\/td>\n<td>1000W<\/td>\n<\/tr>\n<tr>\n<td>127 V<\/td>\n<td>200 W<\/td>\n<td>1000W<\/td>\n<\/tr>\n<tr>\n<td colspan=\"3\">THD&lt;20% y FP&gt;0,90<\/td>\n<\/tr>\n<\/tbody>\n<\/table>\n<h3>Instalaci\u00f3n:<\/h3>\n<div class=\"install-description\">\n<p>No es necesario abrir el rel\u00e9 ni utilizar herramientas para realizar la programaci\u00f3n.<\/p>\n<p>Instale el rel\u00e9 de modo que el sensor est\u00e9 expuesto a la luz natural y no se vea afectado por otras l\u00e1mparas cercanas.<\/p>\n<\/div>","protected":false},"excerpt":{"rendered":"<p>Lleva la automatizaci\u00f3n de tu iluminaci\u00f3n al siguiente nivel con el rel\u00e9 compacto Smart X-Control. Equipado con tecnolog\u00eda exclusiva.\u00a0<strong>Control inteligente X<\/strong>Este rel\u00e9 compacto te permite personalizar su funcionamiento directamente desde tu tel\u00e9fono inteligente.<\/p>\n<p>Descarga la app Smart X-Control (disponible para iOS y Android) y configura con precisi\u00f3n los tiempos de activaci\u00f3n y la sensibilidad. Es la soluci\u00f3n perfecta para proyectos residenciales, comerciales y de condominios que exigen tecnolog\u00eda, versatilidad y eficiencia.<\/p>","protected":false},"featured_media":14841,"comment_status":"closed","ping_status":"closed","template":"","meta":{"_acf_changed":false,"_joinchat":[]},"aplicacao":[98],"product_brand":[],"product_cat":[993,315,387],"product_tag":[546,545,525,528,512,526,544,523,547],"class_list":{"0":"post-13091","1":"product","2":"type-product","3":"status-publish","4":"has-post-thumbnail","6":"aplicacao-iluminacao-externa-reles","7":"product_cat-lancamentos","8":"product_cat-reles-para-iluminacao","9":"product_cat-smart-x-control-5","10":"product_tag-fotoeletronico","11":"product_tag-iluminacao","12":"product_tag-iluminacao-externa","13":"product_tag-ip67","14":"product_tag-normalmente-aberto","15":"product_tag-rele","16":"product_tag-rele-compacto","17":"product_tag-rele-para-iluminacao","18":"product_tag-smart-x-control","20":"first","21":"instock","22":"shipping-taxable","23":"purchasable","24":"product-type-variable","25":"has-default-attributes"},"acf":[],"yoast_head":"<!-- This site is optimized with the Yoast SEO plugin v27.3 - https:\/\/yoast.com\/product\/yoast-seo-wordpress\/ -->\n<title>Rel\u00e9 Compacto Smart X-Control 2.0 - EXATRON<\/title>\n<meta name=\"description\" content=\"LERL4001XC2 - Rel\u00e9 Compacto Smart X-Control 2.0 - Configure via app com o Rel\u00e9 Compacto Smart. Ideal para ilumina\u00e7\u00e3o externa. Efici\u00eancia e praticidade.\" \/>\n<meta name=\"robots\" content=\"index, follow, max-snippet:-1, max-image-preview:large, max-video-preview:-1\" \/>\n<link rel=\"canonical\" href=\"https:\/\/www.exatron.com.br\/es\/produtos\/rele-compacto-smart-x-control-bivolt\/\" \/>\n<meta property=\"og:locale\" content=\"es_ES\" \/>\n<meta property=\"og:type\" content=\"article\" \/>\n<meta property=\"og:title\" content=\"Rel\u00e9 Compacto Smart X-Control 2.0 - EXATRON\" \/>\n<meta property=\"og:description\" content=\"LERL4001XC2 - Rel\u00e9 Compacto Smart X-Control 2.0 - Configure via app com o Rel\u00e9 Compacto Smart. Ideal para ilumina\u00e7\u00e3o externa. Efici\u00eancia e praticidade.\" \/>\n<meta property=\"og:url\" content=\"https:\/\/www.exatron.com.br\/es\/produtos\/rele-compacto-smart-x-control-bivolt\/\" \/>\n<meta property=\"og:site_name\" content=\"EXATRON\" \/>\n<meta property=\"article:modified_time\" content=\"2026-04-23T19:52:12+00:00\" \/>\n<meta property=\"og:image\" content=\"https:\/\/www.exatron.com.br\/wp-content\/uploads\/lerl4001xc2pt_2.png\" \/>\n\t<meta property=\"og:image:width\" content=\"1000\" \/>\n\t<meta property=\"og:image:height\" content=\"1000\" \/>\n\t<meta property=\"og:image:type\" content=\"image\/png\" \/>\n<meta name=\"twitter:card\" content=\"summary_large_image\" \/>\n<meta name=\"twitter:label1\" content=\"Tiempo de lectura\" \/>\n\t<meta name=\"twitter:data1\" content=\"2 minutos\" \/>\n<script type=\"application\/ld+json\" class=\"yoast-schema-graph\">{\"@context\":\"https:\\\/\\\/schema.org\",\"@graph\":[{\"@type\":\"WebPage\",\"@id\":\"https:\\\/\\\/www.exatron.com.br\\\/produtos\\\/rele-compacto-smart-x-control-bivolt\\\/\",\"url\":\"https:\\\/\\\/www.exatron.com.br\\\/produtos\\\/rele-compacto-smart-x-control-bivolt\\\/\",\"name\":\"Rel\u00e9 Compacto Smart X-Control 2.0 - EXATRON\",\"isPartOf\":{\"@id\":\"https:\\\/\\\/www.exatron.com.br\\\/#website\"},\"primaryImageOfPage\":{\"@id\":\"https:\\\/\\\/www.exatron.com.br\\\/produtos\\\/rele-compacto-smart-x-control-bivolt\\\/#primaryimage\"},\"image\":{\"@id\":\"https:\\\/\\\/www.exatron.com.br\\\/produtos\\\/rele-compacto-smart-x-control-bivolt\\\/#primaryimage\"},\"thumbnailUrl\":\"https:\\\/\\\/www.exatron.com.br\\\/wp-content\\\/uploads\\\/lerl4001xc2pt_2.png\",\"datePublished\":\"2026-02-23T16:21:54+00:00\",\"dateModified\":\"2026-04-23T19:52:12+00:00\",\"description\":\"LERL4001XC2 - Rel\u00e9 Compacto Smart X-Control 2.0 - Configure via app com o Rel\u00e9 Compacto Smart. Ideal para ilumina\u00e7\u00e3o externa. Efici\u00eancia e praticidade.\",\"breadcrumb\":{\"@id\":\"https:\\\/\\\/www.exatron.com.br\\\/produtos\\\/rele-compacto-smart-x-control-bivolt\\\/#breadcrumb\"},\"inLanguage\":\"es\",\"potentialAction\":[{\"@type\":\"ReadAction\",\"target\":[\"https:\\\/\\\/www.exatron.com.br\\\/produtos\\\/rele-compacto-smart-x-control-bivolt\\\/\"]}]},{\"@type\":\"ImageObject\",\"inLanguage\":\"es\",\"@id\":\"https:\\\/\\\/www.exatron.com.br\\\/produtos\\\/rele-compacto-smart-x-control-bivolt\\\/#primaryimage\",\"url\":\"https:\\\/\\\/www.exatron.com.br\\\/wp-content\\\/uploads\\\/lerl4001xc2pt_2.png\",\"contentUrl\":\"https:\\\/\\\/www.exatron.com.br\\\/wp-content\\\/uploads\\\/lerl4001xc2pt_2.png\",\"width\":1000,\"height\":1000,\"caption\":\"Leve a automa\u00e7\u00e3o da sua ilumina\u00e7\u00e3o para o pr\u00f3ximo n\u00edvel com o Rel\u00e9 Compacto Smart X-Control. Equipado com a exclusiva tecnologia Smart X-Control, este rel\u00e9 compacto permite que voc\u00ea personalize seu funcionamento diretamente pelo smartphone.\"},{\"@type\":\"BreadcrumbList\",\"@id\":\"https:\\\/\\\/www.exatron.com.br\\\/produtos\\\/rele-compacto-smart-x-control-bivolt\\\/#breadcrumb\",\"itemListElement\":[{\"@type\":\"ListItem\",\"position\":1,\"name\":\"In\u00edcio\",\"item\":\"https:\\\/\\\/www.exatron.com.br\\\/\"},{\"@type\":\"ListItem\",\"position\":2,\"name\":\"Loja\",\"item\":\"https:\\\/\\\/www.exatron.com.br\\\/loja\\\/\"},{\"@type\":\"ListItem\",\"position\":3,\"name\":\"Rel\u00e9 Compacto Smart X-Control 2.0\"}]},{\"@type\":\"WebSite\",\"@id\":\"https:\\\/\\\/www.exatron.com.br\\\/#website\",\"url\":\"https:\\\/\\\/www.exatron.com.br\\\/\",\"name\":\"EXATRON\",\"description\":\"\",\"publisher\":{\"@id\":\"https:\\\/\\\/www.exatron.com.br\\\/#organization\"},\"potentialAction\":[{\"@type\":\"SearchAction\",\"target\":{\"@type\":\"EntryPoint\",\"urlTemplate\":\"https:\\\/\\\/www.exatron.com.br\\\/?s={search_term_string}\"},\"query-input\":{\"@type\":\"PropertyValueSpecification\",\"valueRequired\":true,\"valueName\":\"search_term_string\"}}],\"inLanguage\":\"es\"},{\"@type\":\"Organization\",\"@id\":\"https:\\\/\\\/www.exatron.com.br\\\/#organization\",\"name\":\"EXATRON\",\"url\":\"https:\\\/\\\/www.exatron.com.br\\\/\",\"logo\":{\"@type\":\"ImageObject\",\"inLanguage\":\"es\",\"@id\":\"https:\\\/\\\/www.exatron.com.br\\\/#\\\/schema\\\/logo\\\/image\\\/\",\"url\":\"https:\\\/\\\/www.exatron.com.br\\\/wp-content\\\/uploads\\\/2024\\\/11\\\/default-kit.png\",\"contentUrl\":\"https:\\\/\\\/www.exatron.com.br\\\/wp-content\\\/uploads\\\/2024\\\/11\\\/default-kit.png\",\"width\":956,\"height\":192,\"caption\":\"EXATRON\"},\"image\":{\"@id\":\"https:\\\/\\\/www.exatron.com.br\\\/#\\\/schema\\\/logo\\\/image\\\/\"}}]}<\/script>\n<!-- \/ Yoast SEO plugin. -->","yoast_head_json":{"title":"Rel\u00e9 Compacto Smart X-Control 2.0 - EXATRON","description":"LERL4001XC2 - Rel\u00e9 Compacto Smart X-Control 2.0 - Configure via app com o Rel\u00e9 Compacto Smart. Ideal para ilumina\u00e7\u00e3o externa. Efici\u00eancia e praticidade.","robots":{"index":"index","follow":"follow","max-snippet":"max-snippet:-1","max-image-preview":"max-image-preview:large","max-video-preview":"max-video-preview:-1"},"canonical":"https:\/\/www.exatron.com.br\/es\/produtos\/rele-compacto-smart-x-control-bivolt\/","og_locale":"es_ES","og_type":"article","og_title":"Rel\u00e9 Compacto Smart X-Control 2.0 - EXATRON","og_description":"LERL4001XC2 - Rel\u00e9 Compacto Smart X-Control 2.0 - Configure via app com o Rel\u00e9 Compacto Smart. Ideal para ilumina\u00e7\u00e3o externa. Efici\u00eancia e praticidade.","og_url":"https:\/\/www.exatron.com.br\/es\/produtos\/rele-compacto-smart-x-control-bivolt\/","og_site_name":"EXATRON","article_modified_time":"2026-04-23T19:52:12+00:00","og_image":[{"width":1000,"height":1000,"url":"https:\/\/www.exatron.com.br\/wp-content\/uploads\/lerl4001xc2pt_2.png","type":"image\/png"}],"twitter_card":"summary_large_image","twitter_misc":{"Tiempo de lectura":"2 minutos"},"schema":{"@context":"https:\/\/schema.org","@graph":[{"@type":"WebPage","@id":"https:\/\/www.exatron.com.br\/produtos\/rele-compacto-smart-x-control-bivolt\/","url":"https:\/\/www.exatron.com.br\/produtos\/rele-compacto-smart-x-control-bivolt\/","name":"Rel\u00e9 Compacto Smart X-Control 2.0 - EXATRON","isPartOf":{"@id":"https:\/\/www.exatron.com.br\/#website"},"primaryImageOfPage":{"@id":"https:\/\/www.exatron.com.br\/produtos\/rele-compacto-smart-x-control-bivolt\/#primaryimage"},"image":{"@id":"https:\/\/www.exatron.com.br\/produtos\/rele-compacto-smart-x-control-bivolt\/#primaryimage"},"thumbnailUrl":"https:\/\/www.exatron.com.br\/wp-content\/uploads\/lerl4001xc2pt_2.png","datePublished":"2026-02-23T16:21:54+00:00","dateModified":"2026-04-23T19:52:12+00:00","description":"LERL4001XC2 - Rel\u00e9 Compacto Smart X-Control 2.0 - Configure via app com o Rel\u00e9 Compacto Smart. Ideal para ilumina\u00e7\u00e3o externa. Efici\u00eancia e praticidade.","breadcrumb":{"@id":"https:\/\/www.exatron.com.br\/produtos\/rele-compacto-smart-x-control-bivolt\/#breadcrumb"},"inLanguage":"es","potentialAction":[{"@type":"ReadAction","target":["https:\/\/www.exatron.com.br\/produtos\/rele-compacto-smart-x-control-bivolt\/"]}]},{"@type":"ImageObject","inLanguage":"es","@id":"https:\/\/www.exatron.com.br\/produtos\/rele-compacto-smart-x-control-bivolt\/#primaryimage","url":"https:\/\/www.exatron.com.br\/wp-content\/uploads\/lerl4001xc2pt_2.png","contentUrl":"https:\/\/www.exatron.com.br\/wp-content\/uploads\/lerl4001xc2pt_2.png","width":1000,"height":1000,"caption":"Leve a automa\u00e7\u00e3o da sua ilumina\u00e7\u00e3o para o pr\u00f3ximo n\u00edvel com o Rel\u00e9 Compacto Smart X-Control. Equipado com a exclusiva tecnologia Smart X-Control, este rel\u00e9 compacto permite que voc\u00ea personalize seu funcionamento diretamente pelo smartphone."},{"@type":"BreadcrumbList","@id":"https:\/\/www.exatron.com.br\/produtos\/rele-compacto-smart-x-control-bivolt\/#breadcrumb","itemListElement":[{"@type":"ListItem","position":1,"name":"In\u00edcio","item":"https:\/\/www.exatron.com.br\/"},{"@type":"ListItem","position":2,"name":"Loja","item":"https:\/\/www.exatron.com.br\/loja\/"},{"@type":"ListItem","position":3,"name":"Rel\u00e9 Compacto Smart X-Control 2.0"}]},{"@type":"WebSite","@id":"https:\/\/www.exatron.com.br\/#website","url":"https:\/\/www.exatron.com.br\/","name":"EXATRON","description":"","publisher":{"@id":"https:\/\/www.exatron.com.br\/#organization"},"potentialAction":[{"@type":"SearchAction","target":{"@type":"EntryPoint","urlTemplate":"https:\/\/www.exatron.com.br\/?s={search_term_string}"},"query-input":{"@type":"PropertyValueSpecification","valueRequired":true,"valueName":"search_term_string"}}],"inLanguage":"es"},{"@type":"Organization","@id":"https:\/\/www.exatron.com.br\/#organization","name":"EXATRON","url":"https:\/\/www.exatron.com.br\/","logo":{"@type":"ImageObject","inLanguage":"es","@id":"https:\/\/www.exatron.com.br\/#\/schema\/logo\/image\/","url":"https:\/\/www.exatron.com.br\/wp-content\/uploads\/2024\/11\/default-kit.png","contentUrl":"https:\/\/www.exatron.com.br\/wp-content\/uploads\/2024\/11\/default-kit.png","width":956,"height":192,"caption":"EXATRON"},"image":{"@id":"https:\/\/www.exatron.com.br\/#\/schema\/logo\/image\/"}}]}},"_links":{"self":[{"href":"https:\/\/www.exatron.com.br\/es\/wp-json\/wp\/v2\/product\/13091","targetHints":{"allow":["GET"]}}],"collection":[{"href":"https:\/\/www.exatron.com.br\/es\/wp-json\/wp\/v2\/product"}],"about":[{"href":"https:\/\/www.exatron.com.br\/es\/wp-json\/wp\/v2\/types\/product"}],"replies":[{"embeddable":true,"href":"https:\/\/www.exatron.com.br\/es\/wp-json\/wp\/v2\/comments?post=13091"}],"wp:featuredmedia":[{"embeddable":true,"href":"https:\/\/www.exatron.com.br\/es\/wp-json\/wp\/v2\/media\/14841"}],"wp:attachment":[{"href":"https:\/\/www.exatron.com.br\/es\/wp-json\/wp\/v2\/media?parent=13091"}],"wp:term":[{"taxonomy":"aplicacao","embeddable":true,"href":"https:\/\/www.exatron.com.br\/es\/wp-json\/wp\/v2\/aplicacao?post=13091"},{"taxonomy":"product_brand","embeddable":true,"href":"https:\/\/www.exatron.com.br\/es\/wp-json\/wp\/v2\/product_brand?post=13091"},{"taxonomy":"product_cat","embeddable":true,"href":"https:\/\/www.exatron.com.br\/es\/wp-json\/wp\/v2\/product_cat?post=13091"},{"taxonomy":"product_tag","embeddable":true,"href":"https:\/\/www.exatron.com.br\/es\/wp-json\/wp\/v2\/product_tag?post=13091"}],"curies":[{"name":"wp","href":"https:\/\/api.w.org\/{rel}","templated":true}]}}