{"id":13117,"date":"2026-02-24T13:25:47","date_gmt":"2026-02-24T16:25:47","guid":{"rendered":"https:\/\/exatron.com.br\/?post_type=product&#038;p=13117"},"modified":"2026-04-23T17:04:02","modified_gmt":"2026-04-23T20:04:02","slug":"rele-fotosoquete-e27-smart-x-control2-bivolt","status":"publish","type":"product","link":"https:\/\/www.exatron.com.br\/es\/produtos\/rele-fotosoquete-e27-smart-x-control2-bivolt\/","title":{"rendered":"Rel\u00e9 de fotosensibilidad E27 Smart X-Control 2.0"},"content":{"rendered":"<h3>Especificaciones t\u00e9cnicas<\/h3>\n<ul>\n<li>Tens\u00e3o: 100~240V;<\/li>\n<li>Frecuencia de funcionamiento: 50\/60Hz;<\/li>\n<li>Consumo de energ\u00eda: &lt;0,4 W;<\/li>\n<li>Tecnologia: microprocessada e j\u00e1 vem configurado de f\u00e1brica. Pode ter suas fun\u00e7\u00f5es alteradas com a tecnologia Smart X-Control, configura\u00e7\u00e3o pelo aplicativo Smart X-Control;<\/li>\n<li>Configura\u00e7\u00e3o de f\u00e1brica:\u00a0Tempo: autom\u00e1tico, Fotoc\u00e9lula: m\u00ednima e Fun\u00e7\u00e3o Random: desativada;<\/li>\n<li>Componentes: pl\u00e1sticos, eletr\u00f4nicos e ligas met\u00e1licas;<\/li>\n<li>Insens\u00edvel a varia\u00e7\u00f5es bruscas de luminosidade (far\u00f3is, rel\u00e2mpagos, laser pointers, etc);<\/li>\n<li>Funci\u00f3n de temporizador: Autom\u00e1tico, 1, 2, 3, 4, 5, 6, 7, 8, 9, 10, 11, 12 horas;<\/li>\n<li>Funci\u00f3n autom\u00e1tica (AUTO): enciende la luz cuando oscurece y la apaga autom\u00e1ticamente cuando hay luz natural;<\/li>\n<li>Possui LED para confirma\u00e7\u00e3o no sucesso de grava\u00e7\u00e3o dos par\u00e2metros configurados na cor vermelha;<\/li>\n<li>Regulagem de Fotoc\u00e9lula: M\u00ednimo (\u00e0 noite) a M\u00e1ximo (ao entardecer);<\/li>\n<li>Funci\u00f3n aleatoria: enciende y apaga la luz de forma aleatoria en ausencia de luz natural, variando entre 10 minutos y 3 horas y 40 minutos.<\/li>\n<li>Funci\u00f3n de reinicio: restablece la configuraci\u00f3n del producto a los valores predeterminados de f\u00e1brica;<\/li>\n<li>Amigo da l\u00e2mpada: sistema de acionamento da carga com baixa tens\u00e3o el\u00e9trica &lt;50V, aumentando a vida \u00fatil; do conjunto (l\u00e2mpadas, reator e sensor);<\/li>\n<li>Exclusivo sistema inteligente de aprendizado de luz: evita o efeito pisca-pisca;<\/li>\n<li>Conex\u00e3o el\u00e9trica: Diretamente na rosca E27 das l\u00e2mpadas;<\/li>\n<li>Possui exclusiva base girat\u00f3ria de 340\u00ba, permitindo direcionar a janela da fotoc\u00e9lula para o lado de maior incid\u00eancia de luz solar natural para um melhor funcionamento;<\/li>\n<li>Temperatura de opera\u00e7\u00e3o: -5\u00b0C a +40\u00b0C;<\/li>\n<li>Grau de prote\u00e7\u00e3o: IP30 (n\u00e3o deve ser instalado em locais expostos \u00e0 chuva ou umidade);<\/li>\n<li>Garant\u00eda: 2 a\u00f1os;<\/li>\n<li>Dimens\u00f5es: \u00d849,3&#215;82,1mm;<\/li>\n<li>Potencia de control:<\/li>\n<\/ul>\n<figure class=\"table\">\n<table>\n<tbody>\n<tr>\n<td><strong>Voltaje<\/strong><\/td>\n<td><strong>Posi\u00e7\u00e3o da l\u00e2mpada<\/strong><\/td>\n<td><strong>Eletr\u00f4nica\/LED\/Hal\u00f3gena<\/strong><\/td>\n<\/tr>\n<tr>\n<td rowspan=\"2\">127\/220V~<\/td>\n<td>Virada para cima ou na horizontal<\/td>\n<td>60W<\/td>\n<\/tr>\n<tr>\n<td>Virada para baixo<\/td>\n<td>40W<\/td>\n<\/tr>\n<tr>\n<td colspan=\"3\">THD&lt;20% y FP&gt;0,90<\/td>\n<\/tr>\n<\/tbody>\n<\/table>\n<\/figure>\n<h3>Instalaci\u00f3n<\/h3>\n<p>N\u00e3o h\u00e1 necessidade de abrir o rel\u00e9 ou utilizar ferramentas para realizar a programa\u00e7\u00e3o. Para instalar o rel\u00e9 fotosoquete, basta rosque\u00e1-lo em um soquete E27. Ent\u00e3o, direcione a fotoc\u00e9lula para o local onde h\u00e1 maior incid\u00eancia de luz natural.<\/p>","protected":false},"excerpt":{"rendered":"<p>Ilumina\u00e7\u00e3o autom\u00e1tica e inteligente sem complica\u00e7\u00e3o. O Rel\u00e9 Fotosoquete Smart X-Control liga a luz ao escurecer e desliga ao clarear. Quer mais? Personalize tudo facilmente pelo app Smart X-Control no seu celular. Instale em minutos e tenha mais conforto e seguran\u00e7a.<\/p>","protected":false},"featured_media":14855,"comment_status":"closed","ping_status":"closed","template":"","meta":{"_acf_changed":false,"_joinchat":[]},"aplicacao":[],"product_brand":[],"product_cat":[343,993,315,387],"product_tag":[608,614,610,523,613],"class_list":{"0":"post-13117","1":"product","2":"type-product","3":"status-publish","4":"has-post-thumbnail","6":"product_cat-fotosoquete","7":"product_cat-lancamentos","8":"product_cat-reles-para-iluminacao","9":"product_cat-smart-x-control-5","10":"product_tag-bivolt-automatico","11":"product_tag-rele-e27","12":"product_tag-rele-fotosoquete","13":"product_tag-rele-para-iluminacao","14":"product_tag-rele-smart-x-control","16":"first","17":"instock","18":"shipping-taxable","19":"purchasable","20":"product-type-simple"},"acf":[],"yoast_head":"<!-- This site is optimized with the Yoast SEO plugin v27.3 - https:\/\/yoast.com\/product\/yoast-seo-wordpress\/ -->\n<title>Rel\u00e9 Fotosoquete E27 Smart X-Control 2.0 - EXATRON<\/title>\n<meta name=\"description\" content=\"Acionamento autom\u00e1tico ao escurecer, timer e fun\u00e7\u00e3o random. Configura\u00e7\u00e3o pelo app, base girat\u00f3ria 340\u00b0 e instala\u00e7\u00e3o f\u00e1cil. Confira j\u00e1!\" \/>\n<meta name=\"robots\" content=\"index, follow, max-snippet:-1, max-image-preview:large, max-video-preview:-1\" \/>\n<link rel=\"canonical\" href=\"https:\/\/www.exatron.com.br\/es\/produtos\/rele-fotosoquete-e27-smart-x-control2-bivolt\/\" \/>\n<meta property=\"og:locale\" content=\"es_ES\" \/>\n<meta property=\"og:type\" content=\"article\" \/>\n<meta property=\"og:title\" content=\"Rel\u00e9 Fotosoquete E27 Smart X-Control 2.0 - EXATRON\" \/>\n<meta property=\"og:description\" content=\"Acionamento autom\u00e1tico ao escurecer, timer e fun\u00e7\u00e3o random. Configura\u00e7\u00e3o pelo app, base girat\u00f3ria 340\u00b0 e instala\u00e7\u00e3o f\u00e1cil. Confira j\u00e1!\" \/>\n<meta property=\"og:url\" content=\"https:\/\/www.exatron.com.br\/es\/produtos\/rele-fotosoquete-e27-smart-x-control2-bivolt\/\" \/>\n<meta property=\"og:site_name\" content=\"EXATRON\" \/>\n<meta property=\"article:modified_time\" content=\"2026-04-23T20:04:02+00:00\" \/>\n<meta property=\"og:image\" content=\"https:\/\/www.exatron.com.br\/wp-content\/uploads\/fts0mpxc2bc-01.png\" \/>\n\t<meta property=\"og:image:width\" content=\"1024\" \/>\n\t<meta property=\"og:image:height\" content=\"1024\" \/>\n\t<meta property=\"og:image:type\" content=\"image\/png\" \/>\n<meta name=\"twitter:card\" content=\"summary_large_image\" \/>\n<meta name=\"twitter:label1\" content=\"Tiempo de lectura\" \/>\n\t<meta name=\"twitter:data1\" content=\"2 minutos\" \/>\n<script type=\"application\/ld+json\" class=\"yoast-schema-graph\">{\"@context\":\"https:\\\/\\\/schema.org\",\"@graph\":[{\"@type\":\"WebPage\",\"@id\":\"https:\\\/\\\/www.exatron.com.br\\\/produtos\\\/rele-fotosoquete-e27-smart-x-control2-bivolt\\\/\",\"url\":\"https:\\\/\\\/www.exatron.com.br\\\/produtos\\\/rele-fotosoquete-e27-smart-x-control2-bivolt\\\/\",\"name\":\"Rel\u00e9 Fotosoquete E27 Smart X-Control 2.0 - EXATRON\",\"isPartOf\":{\"@id\":\"https:\\\/\\\/www.exatron.com.br\\\/#website\"},\"primaryImageOfPage\":{\"@id\":\"https:\\\/\\\/www.exatron.com.br\\\/produtos\\\/rele-fotosoquete-e27-smart-x-control2-bivolt\\\/#primaryimage\"},\"image\":{\"@id\":\"https:\\\/\\\/www.exatron.com.br\\\/produtos\\\/rele-fotosoquete-e27-smart-x-control2-bivolt\\\/#primaryimage\"},\"thumbnailUrl\":\"https:\\\/\\\/www.exatron.com.br\\\/wp-content\\\/uploads\\\/fts0mpxc2bc-01.png\",\"datePublished\":\"2026-02-24T16:25:47+00:00\",\"dateModified\":\"2026-04-23T20:04:02+00:00\",\"description\":\"Acionamento autom\u00e1tico ao escurecer, timer e fun\u00e7\u00e3o random. Configura\u00e7\u00e3o pelo app, base girat\u00f3ria 340\u00b0 e instala\u00e7\u00e3o f\u00e1cil. Confira j\u00e1!\",\"breadcrumb\":{\"@id\":\"https:\\\/\\\/www.exatron.com.br\\\/produtos\\\/rele-fotosoquete-e27-smart-x-control2-bivolt\\\/#breadcrumb\"},\"inLanguage\":\"es\",\"potentialAction\":[{\"@type\":\"ReadAction\",\"target\":[\"https:\\\/\\\/www.exatron.com.br\\\/produtos\\\/rele-fotosoquete-e27-smart-x-control2-bivolt\\\/\"]}]},{\"@type\":\"ImageObject\",\"inLanguage\":\"es\",\"@id\":\"https:\\\/\\\/www.exatron.com.br\\\/produtos\\\/rele-fotosoquete-e27-smart-x-control2-bivolt\\\/#primaryimage\",\"url\":\"https:\\\/\\\/www.exatron.com.br\\\/wp-content\\\/uploads\\\/fts0mpxc2bc-01.png\",\"contentUrl\":\"https:\\\/\\\/www.exatron.com.br\\\/wp-content\\\/uploads\\\/fts0mpxc2bc-01.png\",\"width\":1024,\"height\":1024,\"caption\":\"Ilumina\u00e7\u00e3o autom\u00e1tica e inteligente sem complica\u00e7\u00e3o. O Rel\u00e9 Fotosoquete Smart X-Control liga a luz ao escurecer e desliga ao clarear.\"},{\"@type\":\"BreadcrumbList\",\"@id\":\"https:\\\/\\\/www.exatron.com.br\\\/produtos\\\/rele-fotosoquete-e27-smart-x-control2-bivolt\\\/#breadcrumb\",\"itemListElement\":[{\"@type\":\"ListItem\",\"position\":1,\"name\":\"In\u00edcio\",\"item\":\"https:\\\/\\\/www.exatron.com.br\\\/\"},{\"@type\":\"ListItem\",\"position\":2,\"name\":\"Loja\",\"item\":\"https:\\\/\\\/www.exatron.com.br\\\/loja\\\/\"},{\"@type\":\"ListItem\",\"position\":3,\"name\":\"Rel\u00e9 Fotosoquete E27 Smart X-Control 2.0\"}]},{\"@type\":\"WebSite\",\"@id\":\"https:\\\/\\\/www.exatron.com.br\\\/#website\",\"url\":\"https:\\\/\\\/www.exatron.com.br\\\/\",\"name\":\"EXATRON\",\"description\":\"\",\"publisher\":{\"@id\":\"https:\\\/\\\/www.exatron.com.br\\\/#organization\"},\"potentialAction\":[{\"@type\":\"SearchAction\",\"target\":{\"@type\":\"EntryPoint\",\"urlTemplate\":\"https:\\\/\\\/www.exatron.com.br\\\/?s={search_term_string}\"},\"query-input\":{\"@type\":\"PropertyValueSpecification\",\"valueRequired\":true,\"valueName\":\"search_term_string\"}}],\"inLanguage\":\"es\"},{\"@type\":\"Organization\",\"@id\":\"https:\\\/\\\/www.exatron.com.br\\\/#organization\",\"name\":\"EXATRON\",\"url\":\"https:\\\/\\\/www.exatron.com.br\\\/\",\"logo\":{\"@type\":\"ImageObject\",\"inLanguage\":\"es\",\"@id\":\"https:\\\/\\\/www.exatron.com.br\\\/#\\\/schema\\\/logo\\\/image\\\/\",\"url\":\"https:\\\/\\\/www.exatron.com.br\\\/wp-content\\\/uploads\\\/2024\\\/11\\\/default-kit.png\",\"contentUrl\":\"https:\\\/\\\/www.exatron.com.br\\\/wp-content\\\/uploads\\\/2024\\\/11\\\/default-kit.png\",\"width\":956,\"height\":192,\"caption\":\"EXATRON\"},\"image\":{\"@id\":\"https:\\\/\\\/www.exatron.com.br\\\/#\\\/schema\\\/logo\\\/image\\\/\"}}]}<\/script>\n<!-- \/ Yoast SEO plugin. -->","yoast_head_json":{"title":"Rel\u00e9 Fotosoquete E27 Smart X-Control 2.0 - EXATRON","description":"Acionamento autom\u00e1tico ao escurecer, timer e fun\u00e7\u00e3o random. Configura\u00e7\u00e3o pelo app, base girat\u00f3ria 340\u00b0 e instala\u00e7\u00e3o f\u00e1cil. Confira j\u00e1!","robots":{"index":"index","follow":"follow","max-snippet":"max-snippet:-1","max-image-preview":"max-image-preview:large","max-video-preview":"max-video-preview:-1"},"canonical":"https:\/\/www.exatron.com.br\/es\/produtos\/rele-fotosoquete-e27-smart-x-control2-bivolt\/","og_locale":"es_ES","og_type":"article","og_title":"Rel\u00e9 Fotosoquete E27 Smart X-Control 2.0 - EXATRON","og_description":"Acionamento autom\u00e1tico ao escurecer, timer e fun\u00e7\u00e3o random. Configura\u00e7\u00e3o pelo app, base girat\u00f3ria 340\u00b0 e instala\u00e7\u00e3o f\u00e1cil. Confira j\u00e1!","og_url":"https:\/\/www.exatron.com.br\/es\/produtos\/rele-fotosoquete-e27-smart-x-control2-bivolt\/","og_site_name":"EXATRON","article_modified_time":"2026-04-23T20:04:02+00:00","og_image":[{"width":1024,"height":1024,"url":"https:\/\/www.exatron.com.br\/wp-content\/uploads\/fts0mpxc2bc-01.png","type":"image\/png"}],"twitter_card":"summary_large_image","twitter_misc":{"Tiempo de lectura":"2 minutos"},"schema":{"@context":"https:\/\/schema.org","@graph":[{"@type":"WebPage","@id":"https:\/\/www.exatron.com.br\/produtos\/rele-fotosoquete-e27-smart-x-control2-bivolt\/","url":"https:\/\/www.exatron.com.br\/produtos\/rele-fotosoquete-e27-smart-x-control2-bivolt\/","name":"Rel\u00e9 Fotosoquete E27 Smart X-Control 2.0 - EXATRON","isPartOf":{"@id":"https:\/\/www.exatron.com.br\/#website"},"primaryImageOfPage":{"@id":"https:\/\/www.exatron.com.br\/produtos\/rele-fotosoquete-e27-smart-x-control2-bivolt\/#primaryimage"},"image":{"@id":"https:\/\/www.exatron.com.br\/produtos\/rele-fotosoquete-e27-smart-x-control2-bivolt\/#primaryimage"},"thumbnailUrl":"https:\/\/www.exatron.com.br\/wp-content\/uploads\/fts0mpxc2bc-01.png","datePublished":"2026-02-24T16:25:47+00:00","dateModified":"2026-04-23T20:04:02+00:00","description":"Acionamento autom\u00e1tico ao escurecer, timer e fun\u00e7\u00e3o random. Configura\u00e7\u00e3o pelo app, base girat\u00f3ria 340\u00b0 e instala\u00e7\u00e3o f\u00e1cil. Confira j\u00e1!","breadcrumb":{"@id":"https:\/\/www.exatron.com.br\/produtos\/rele-fotosoquete-e27-smart-x-control2-bivolt\/#breadcrumb"},"inLanguage":"es","potentialAction":[{"@type":"ReadAction","target":["https:\/\/www.exatron.com.br\/produtos\/rele-fotosoquete-e27-smart-x-control2-bivolt\/"]}]},{"@type":"ImageObject","inLanguage":"es","@id":"https:\/\/www.exatron.com.br\/produtos\/rele-fotosoquete-e27-smart-x-control2-bivolt\/#primaryimage","url":"https:\/\/www.exatron.com.br\/wp-content\/uploads\/fts0mpxc2bc-01.png","contentUrl":"https:\/\/www.exatron.com.br\/wp-content\/uploads\/fts0mpxc2bc-01.png","width":1024,"height":1024,"caption":"Ilumina\u00e7\u00e3o autom\u00e1tica e inteligente sem complica\u00e7\u00e3o. O Rel\u00e9 Fotosoquete Smart X-Control liga a luz ao escurecer e desliga ao clarear."},{"@type":"BreadcrumbList","@id":"https:\/\/www.exatron.com.br\/produtos\/rele-fotosoquete-e27-smart-x-control2-bivolt\/#breadcrumb","itemListElement":[{"@type":"ListItem","position":1,"name":"In\u00edcio","item":"https:\/\/www.exatron.com.br\/"},{"@type":"ListItem","position":2,"name":"Loja","item":"https:\/\/www.exatron.com.br\/loja\/"},{"@type":"ListItem","position":3,"name":"Rel\u00e9 Fotosoquete E27 Smart X-Control 2.0"}]},{"@type":"WebSite","@id":"https:\/\/www.exatron.com.br\/#website","url":"https:\/\/www.exatron.com.br\/","name":"EXATRON","description":"","publisher":{"@id":"https:\/\/www.exatron.com.br\/#organization"},"potentialAction":[{"@type":"SearchAction","target":{"@type":"EntryPoint","urlTemplate":"https:\/\/www.exatron.com.br\/?s={search_term_string}"},"query-input":{"@type":"PropertyValueSpecification","valueRequired":true,"valueName":"search_term_string"}}],"inLanguage":"es"},{"@type":"Organization","@id":"https:\/\/www.exatron.com.br\/#organization","name":"EXATRON","url":"https:\/\/www.exatron.com.br\/","logo":{"@type":"ImageObject","inLanguage":"es","@id":"https:\/\/www.exatron.com.br\/#\/schema\/logo\/image\/","url":"https:\/\/www.exatron.com.br\/wp-content\/uploads\/2024\/11\/default-kit.png","contentUrl":"https:\/\/www.exatron.com.br\/wp-content\/uploads\/2024\/11\/default-kit.png","width":956,"height":192,"caption":"EXATRON"},"image":{"@id":"https:\/\/www.exatron.com.br\/#\/schema\/logo\/image\/"}}]}},"_links":{"self":[{"href":"https:\/\/www.exatron.com.br\/es\/wp-json\/wp\/v2\/product\/13117","targetHints":{"allow":["GET"]}}],"collection":[{"href":"https:\/\/www.exatron.com.br\/es\/wp-json\/wp\/v2\/product"}],"about":[{"href":"https:\/\/www.exatron.com.br\/es\/wp-json\/wp\/v2\/types\/product"}],"replies":[{"embeddable":true,"href":"https:\/\/www.exatron.com.br\/es\/wp-json\/wp\/v2\/comments?post=13117"}],"wp:featuredmedia":[{"embeddable":true,"href":"https:\/\/www.exatron.com.br\/es\/wp-json\/wp\/v2\/media\/14855"}],"wp:attachment":[{"href":"https:\/\/www.exatron.com.br\/es\/wp-json\/wp\/v2\/media?parent=13117"}],"wp:term":[{"taxonomy":"aplicacao","embeddable":true,"href":"https:\/\/www.exatron.com.br\/es\/wp-json\/wp\/v2\/aplicacao?post=13117"},{"taxonomy":"product_brand","embeddable":true,"href":"https:\/\/www.exatron.com.br\/es\/wp-json\/wp\/v2\/product_brand?post=13117"},{"taxonomy":"product_cat","embeddable":true,"href":"https:\/\/www.exatron.com.br\/es\/wp-json\/wp\/v2\/product_cat?post=13117"},{"taxonomy":"product_tag","embeddable":true,"href":"https:\/\/www.exatron.com.br\/es\/wp-json\/wp\/v2\/product_tag?post=13117"}],"curies":[{"name":"wp","href":"https:\/\/api.w.org\/{rel}","templated":true}]}}