{"id":13224,"date":"2026-02-26T08:47:46","date_gmt":"2026-02-26T11:47:46","guid":{"rendered":"https:\/\/exatron.com.br\/?post_type=product&#038;p=13224"},"modified":"2026-04-20T08:42:40","modified_gmt":"2026-04-20T11:42:40","slug":"sensor-de-presenca-parede-smart-x-control2-bivolt-1200","status":"publish","type":"product","link":"https:\/\/www.exatron.com.br\/es\/produtos\/sensor-de-presenca-parede-smart-x-control2-bivolt-1200\/","title":{"rendered":"Sensor de Presen\u00e7a Parede Smart X-Control 2.0 (Conjunto Placa 4&#215;2 1\/3 + Suporte)"},"content":{"rendered":"<h3>Especificaciones t\u00e9cnicas<\/h3>\n<ul>\n<li>Tens\u00e3o nominal: 100-240V~;<\/li>\n<li>Consumo pr\u00f3prio: &lt;1W;<\/li>\n<li>Frecuencia de funcionamiento: 50\/60Hz;<\/li>\n<li>Prote\u00e7\u00e3o contra surto: 1KV;<\/li>\n<li>\u00c1rea de cobertura: 120\u00b0 com alcance de at\u00e9 7m de di\u00e2metro e temperatura ambiente de 25\u00b0C, em uma altura aproximadamente 1,2m;<\/li>\n<li>Conex\u00e3o el\u00e9trica: Conector de fios de 0,5mm\u00b2 at\u00e9 2,5mm\u00b2 (n\u00e3o acompanha fios);<\/li>\n<li>Observa\u00e7\u00e3o: Este produto possui tecnologia microprocessada e configura\u00e7\u00e3o pelo APP Smart X-Control;<\/li>\n<li>Regulagem de tempo: 1 e 30 segundos, 1, 3, 5, 10, 15, 20, 25, 30 e 45 minutos e 1, 2, 3 e 4 horas;<\/li>\n<li>Sensor de Luminosidade (LUX-FOTOC\u00c9LULA): MIN (\u00e0 noite), MAX (entardecer) e OFF (sem fotoc\u00e9lula);<\/li>\n<li>Regulagem de sensibilidade: 1 (movimentos bruscos) a 3 (maior alcance);<\/li>\n<li>Funci\u00f3n de rel\u00e9: El sensor funciona como un rel\u00e9 fotocontrolado temporizado. Al anochecer, mantiene la carga encendida durante el tiempo programado (de 0:30 a 12 horas) y luego vuelve a la funci\u00f3n de sensor.<\/li>\n<li>Funci\u00f3n de reinicio: restablece la configuraci\u00f3n del producto a los valores predeterminados de f\u00e1brica;<\/li>\n<li>Tecnolog\u00eda exclusiva Inrush Control, un sistema de conmutaci\u00f3n de red casi nula (onda sinusoidal) que aumenta la vida \u00fatil del conjunto de carga (l\u00e1mparas, balasto y sensor);<\/li>\n<li>Possui LED indicador de funcionamento e de detec\u00e7\u00e3o na cor VERDE &#8211; quando o produto est\u00e1 operando no modo Fun\u00e7\u00e3o Rel\u00e9, o LED oscila (pisca lentamente e de maneira gradual);<\/li>\n<li>Possui LED para confirma\u00e7\u00e3o no sucesso de grava\u00e7\u00e3o dos par\u00e2metros configurados na cor VERMELHA;<\/li>\n<li>El sensor guarda los par\u00e1metros configurados previamente (configuraci\u00f3n del temporizador, brillo, sensibilidad y modo de funcionamiento) en caso de corte de energ\u00eda y restablecimiento;<\/li>\n<li>Las potencias m\u00e1ximas de accionamiento no se deben sumar en instalaciones en paralelo;<\/li>\n<li>Ahorro de energ\u00eda de hasta 75%;<\/li>\n<li>Componentes: pl\u00e1sticos, eletr\u00f4nicos e ligas met\u00e1licas;<\/li>\n<li>Configura\u00e7\u00e3o de f\u00e1brica: Tempo: 03 minutos, Fotoc\u00e9lula: OFF &#8211; Desativada e Sensibilidade: M\u00e1xima;<\/li>\n<li>Grado de protecci\u00f3n: IP32;<\/li>\n<li>Garantia: 02 anos;<\/li>\n<li>Dimens\u00f5es (CxLxA): 44,8x82x122mm;<\/li>\n<li>Pot\u00eancia de Comando:<\/li>\n<\/ul>\n<figure class=\"table\">\n<table>\n<thead>\n<tr>\n<th>Alimento<\/th>\n<th>Eletr\u00f4nica\/LED\/Hal\u00f3gena<\/th>\n<\/tr>\n<\/thead>\n<tbody>\n<tr>\n<td>220 V<\/td>\n<td>220 W<\/td>\n<\/tr>\n<tr>\n<td>127 V<\/td>\n<td>120 W<\/td>\n<\/tr>\n<tr>\n<td colspan=\"2\">THD&lt;20% y FP&gt;0,90<\/td>\n<\/tr>\n<\/tbody>\n<\/table>\n<\/figure>","protected":false},"excerpt":{"rendered":"<p>Ilumine espa\u00e7os com intelig\u00eancia e praticidade com o Sensor de Presen\u00e7a de Parede Smart X-Control! Com design moderno e tecnologia avan\u00e7ada, ele acende e apaga as luzes automaticamente ao detectar movimento, proporcionando seguran\u00e7a e economia.<\/p>\n<p>Controle tudo pelo app Smart X-Control (iOS e Android) e personalize as configura\u00e7\u00f5es de tempo, alcance e sensibilidade. Com \u00e2ngulo de detec\u00e7\u00e3o de 120\u00b0 e f\u00e1cil instala\u00e7\u00e3o em paredes de corredores, escadas, garagens e demais ambientes internos de resid\u00eancias, escrit\u00f3rios, hot\u00e9is e condom\u00ednios.<\/p>","protected":false},"featured_media":14573,"comment_status":"closed","ping_status":"closed","template":"","meta":{"_acf_changed":false,"_joinchat":[]},"aplicacao":[267],"product_brand":[],"product_cat":[383,993,326,381],"product_tag":[752,582,768,625,770,769,759,777,776,760,775,772,774,773,708,771],"class_list":{"0":"post-13224","1":"product","2":"type-product","3":"status-publish","4":"has-post-thumbnail","6":"aplicacao-iluminacao-interna-sensores-de-presenca","7":"product_cat-4x2","8":"product_cat-lancamentos","9":"product_cat-sensores-de-presenca-para-iluminacao","10":"product_cat-smart-x-control","11":"product_tag-automacao-residencial","12":"product_tag-economia-de-energia","13":"product_tag-sensor-de-parede","14":"product_tag-sensor-de-presenca","15":"product_tag-sensor-de-presenca-120-graus","16":"product_tag-sensor-de-presenca-bivolt","17":"product_tag-sensor-de-presenca-com-app","18":"product_tag-sensor-de-presenca-economico","19":"product_tag-sensor-de-presenca-facil-de-instalar","20":"product_tag-sensor-de-presenca-inteligente","21":"product_tag-sensor-de-presenca-para-ambientes-internos","22":"product_tag-sensor-de-presenca-para-casa","23":"product_tag-sensor-de-presenca-para-condominio","24":"product_tag-sensor-de-presenca-para-escritorio","25":"product_tag-sensor-de-presenca-parede","26":"product_tag-sensor-de-presenca-smart-x-control","28":"first","29":"instock","30":"shipping-taxable","31":"purchasable","32":"product-type-variable","33":"has-default-attributes"},"acf":[],"yoast_head":"<!-- This site is optimized with the Yoast SEO plugin v27.3 - https:\/\/yoast.com\/product\/yoast-seo-wordpress\/ -->\n<title>Sensor de Presen\u00e7a Parede Smart X-Control 2.0 (Conjunto Placa 4x2 1\/3 + Suporte) - EXATRON<\/title>\n<meta name=\"description\" content=\"Sensor de presen\u00e7a parede LESP4006XC2 com detec\u00e7\u00e3o 120\u00b0 e App Smart X-Control. Bivolt, inteligente e com design moderno. Compre j\u00e1!\" \/>\n<meta name=\"robots\" content=\"index, follow, max-snippet:-1, max-image-preview:large, max-video-preview:-1\" \/>\n<link rel=\"canonical\" href=\"https:\/\/www.exatron.com.br\/es\/produtos\/sensor-de-presenca-parede-smart-x-control2-bivolt-1200\/\" \/>\n<meta property=\"og:locale\" content=\"es_ES\" \/>\n<meta property=\"og:type\" content=\"article\" \/>\n<meta property=\"og:title\" content=\"Sensor de Presen\u00e7a Parede Smart X-Control 2.0 (Conjunto Placa 4x2 1\/3 + Suporte) - EXATRON\" \/>\n<meta property=\"og:description\" content=\"Sensor de presen\u00e7a parede LESP4006XC2 com detec\u00e7\u00e3o 120\u00b0 e App Smart X-Control. Bivolt, inteligente e com design moderno. Compre j\u00e1!\" \/>\n<meta property=\"og:url\" content=\"https:\/\/www.exatron.com.br\/es\/produtos\/sensor-de-presenca-parede-smart-x-control2-bivolt-1200\/\" \/>\n<meta property=\"og:site_name\" content=\"EXATRON\" \/>\n<meta property=\"article:modified_time\" content=\"2026-04-20T11:42:40+00:00\" \/>\n<meta property=\"og:image\" content=\"https:\/\/www.exatron.com.br\/wp-content\/uploads\/lesp4006xc2_2.png\" \/>\n\t<meta property=\"og:image:width\" content=\"1000\" \/>\n\t<meta property=\"og:image:height\" content=\"1000\" \/>\n\t<meta property=\"og:image:type\" content=\"image\/png\" \/>\n<meta name=\"twitter:card\" content=\"summary_large_image\" \/>\n<meta name=\"twitter:label1\" content=\"Tiempo de lectura\" \/>\n\t<meta name=\"twitter:data1\" content=\"2 minutos\" \/>\n<script type=\"application\/ld+json\" class=\"yoast-schema-graph\">{\"@context\":\"https:\\\/\\\/schema.org\",\"@graph\":[{\"@type\":\"WebPage\",\"@id\":\"https:\\\/\\\/www.exatron.com.br\\\/produtos\\\/sensor-de-presenca-parede-smart-x-control2-bivolt-1200\\\/\",\"url\":\"https:\\\/\\\/www.exatron.com.br\\\/produtos\\\/sensor-de-presenca-parede-smart-x-control2-bivolt-1200\\\/\",\"name\":\"Sensor de Presen\u00e7a Parede Smart X-Control 2.0 (Conjunto Placa 4x2 1\\\/3 + Suporte) - EXATRON\",\"isPartOf\":{\"@id\":\"https:\\\/\\\/www.exatron.com.br\\\/#website\"},\"primaryImageOfPage\":{\"@id\":\"https:\\\/\\\/www.exatron.com.br\\\/produtos\\\/sensor-de-presenca-parede-smart-x-control2-bivolt-1200\\\/#primaryimage\"},\"image\":{\"@id\":\"https:\\\/\\\/www.exatron.com.br\\\/produtos\\\/sensor-de-presenca-parede-smart-x-control2-bivolt-1200\\\/#primaryimage\"},\"thumbnailUrl\":\"https:\\\/\\\/www.exatron.com.br\\\/wp-content\\\/uploads\\\/lesp4006xc2_2.png\",\"datePublished\":\"2026-02-26T11:47:46+00:00\",\"dateModified\":\"2026-04-20T11:42:40+00:00\",\"description\":\"Sensor de presen\u00e7a parede LESP4006XC2 com detec\u00e7\u00e3o 120\u00b0 e App Smart X-Control. Bivolt, inteligente e com design moderno. Compre j\u00e1!\",\"breadcrumb\":{\"@id\":\"https:\\\/\\\/www.exatron.com.br\\\/produtos\\\/sensor-de-presenca-parede-smart-x-control2-bivolt-1200\\\/#breadcrumb\"},\"inLanguage\":\"es\",\"potentialAction\":[{\"@type\":\"ReadAction\",\"target\":[\"https:\\\/\\\/www.exatron.com.br\\\/produtos\\\/sensor-de-presenca-parede-smart-x-control2-bivolt-1200\\\/\"]}]},{\"@type\":\"ImageObject\",\"inLanguage\":\"es\",\"@id\":\"https:\\\/\\\/www.exatron.com.br\\\/produtos\\\/sensor-de-presenca-parede-smart-x-control2-bivolt-1200\\\/#primaryimage\",\"url\":\"https:\\\/\\\/www.exatron.com.br\\\/wp-content\\\/uploads\\\/lesp4006xc2_2.png\",\"contentUrl\":\"https:\\\/\\\/www.exatron.com.br\\\/wp-content\\\/uploads\\\/lesp4006xc2_2.png\",\"width\":1000,\"height\":1000,\"caption\":\"Sensor de Presen\u00e7a Parede Smart X-Control 2.0 (Conjunto Placa 4\u00d72 1\\\/3 + Suporte) - Frente\"},{\"@type\":\"BreadcrumbList\",\"@id\":\"https:\\\/\\\/www.exatron.com.br\\\/produtos\\\/sensor-de-presenca-parede-smart-x-control2-bivolt-1200\\\/#breadcrumb\",\"itemListElement\":[{\"@type\":\"ListItem\",\"position\":1,\"name\":\"In\u00edcio\",\"item\":\"https:\\\/\\\/www.exatron.com.br\\\/\"},{\"@type\":\"ListItem\",\"position\":2,\"name\":\"Loja\",\"item\":\"https:\\\/\\\/www.exatron.com.br\\\/loja\\\/\"},{\"@type\":\"ListItem\",\"position\":3,\"name\":\"Sensor de Presen\u00e7a Parede Smart X-Control 2.0 (Conjunto Placa 4&#215;2 1\\\/3 + Suporte)\"}]},{\"@type\":\"WebSite\",\"@id\":\"https:\\\/\\\/www.exatron.com.br\\\/#website\",\"url\":\"https:\\\/\\\/www.exatron.com.br\\\/\",\"name\":\"EXATRON\",\"description\":\"\",\"publisher\":{\"@id\":\"https:\\\/\\\/www.exatron.com.br\\\/#organization\"},\"potentialAction\":[{\"@type\":\"SearchAction\",\"target\":{\"@type\":\"EntryPoint\",\"urlTemplate\":\"https:\\\/\\\/www.exatron.com.br\\\/?s={search_term_string}\"},\"query-input\":{\"@type\":\"PropertyValueSpecification\",\"valueRequired\":true,\"valueName\":\"search_term_string\"}}],\"inLanguage\":\"es\"},{\"@type\":\"Organization\",\"@id\":\"https:\\\/\\\/www.exatron.com.br\\\/#organization\",\"name\":\"EXATRON\",\"url\":\"https:\\\/\\\/www.exatron.com.br\\\/\",\"logo\":{\"@type\":\"ImageObject\",\"inLanguage\":\"es\",\"@id\":\"https:\\\/\\\/www.exatron.com.br\\\/#\\\/schema\\\/logo\\\/image\\\/\",\"url\":\"https:\\\/\\\/www.exatron.com.br\\\/wp-content\\\/uploads\\\/2024\\\/11\\\/default-kit.png\",\"contentUrl\":\"https:\\\/\\\/www.exatron.com.br\\\/wp-content\\\/uploads\\\/2024\\\/11\\\/default-kit.png\",\"width\":956,\"height\":192,\"caption\":\"EXATRON\"},\"image\":{\"@id\":\"https:\\\/\\\/www.exatron.com.br\\\/#\\\/schema\\\/logo\\\/image\\\/\"}}]}<\/script>\n<!-- \/ Yoast SEO plugin. -->","yoast_head_json":{"title":"Sensor de Presen\u00e7a Parede Smart X-Control 2.0 (Conjunto Placa 4x2 1\/3 + Suporte) - EXATRON","description":"Sensor de presen\u00e7a parede LESP4006XC2 com detec\u00e7\u00e3o 120\u00b0 e App Smart X-Control. Bivolt, inteligente e com design moderno. Compre j\u00e1!","robots":{"index":"index","follow":"follow","max-snippet":"max-snippet:-1","max-image-preview":"max-image-preview:large","max-video-preview":"max-video-preview:-1"},"canonical":"https:\/\/www.exatron.com.br\/es\/produtos\/sensor-de-presenca-parede-smart-x-control2-bivolt-1200\/","og_locale":"es_ES","og_type":"article","og_title":"Sensor de Presen\u00e7a Parede Smart X-Control 2.0 (Conjunto Placa 4x2 1\/3 + Suporte) - EXATRON","og_description":"Sensor de presen\u00e7a parede LESP4006XC2 com detec\u00e7\u00e3o 120\u00b0 e App Smart X-Control. Bivolt, inteligente e com design moderno. Compre j\u00e1!","og_url":"https:\/\/www.exatron.com.br\/es\/produtos\/sensor-de-presenca-parede-smart-x-control2-bivolt-1200\/","og_site_name":"EXATRON","article_modified_time":"2026-04-20T11:42:40+00:00","og_image":[{"width":1000,"height":1000,"url":"https:\/\/www.exatron.com.br\/wp-content\/uploads\/lesp4006xc2_2.png","type":"image\/png"}],"twitter_card":"summary_large_image","twitter_misc":{"Tiempo de lectura":"2 minutos"},"schema":{"@context":"https:\/\/schema.org","@graph":[{"@type":"WebPage","@id":"https:\/\/www.exatron.com.br\/produtos\/sensor-de-presenca-parede-smart-x-control2-bivolt-1200\/","url":"https:\/\/www.exatron.com.br\/produtos\/sensor-de-presenca-parede-smart-x-control2-bivolt-1200\/","name":"Sensor de Presen\u00e7a Parede Smart X-Control 2.0 (Conjunto Placa 4x2 1\/3 + Suporte) - EXATRON","isPartOf":{"@id":"https:\/\/www.exatron.com.br\/#website"},"primaryImageOfPage":{"@id":"https:\/\/www.exatron.com.br\/produtos\/sensor-de-presenca-parede-smart-x-control2-bivolt-1200\/#primaryimage"},"image":{"@id":"https:\/\/www.exatron.com.br\/produtos\/sensor-de-presenca-parede-smart-x-control2-bivolt-1200\/#primaryimage"},"thumbnailUrl":"https:\/\/www.exatron.com.br\/wp-content\/uploads\/lesp4006xc2_2.png","datePublished":"2026-02-26T11:47:46+00:00","dateModified":"2026-04-20T11:42:40+00:00","description":"Sensor de presen\u00e7a parede LESP4006XC2 com detec\u00e7\u00e3o 120\u00b0 e App Smart X-Control. Bivolt, inteligente e com design moderno. Compre j\u00e1!","breadcrumb":{"@id":"https:\/\/www.exatron.com.br\/produtos\/sensor-de-presenca-parede-smart-x-control2-bivolt-1200\/#breadcrumb"},"inLanguage":"es","potentialAction":[{"@type":"ReadAction","target":["https:\/\/www.exatron.com.br\/produtos\/sensor-de-presenca-parede-smart-x-control2-bivolt-1200\/"]}]},{"@type":"ImageObject","inLanguage":"es","@id":"https:\/\/www.exatron.com.br\/produtos\/sensor-de-presenca-parede-smart-x-control2-bivolt-1200\/#primaryimage","url":"https:\/\/www.exatron.com.br\/wp-content\/uploads\/lesp4006xc2_2.png","contentUrl":"https:\/\/www.exatron.com.br\/wp-content\/uploads\/lesp4006xc2_2.png","width":1000,"height":1000,"caption":"Sensor de Presen\u00e7a Parede Smart X-Control 2.0 (Conjunto Placa 4\u00d72 1\/3 + Suporte) - Frente"},{"@type":"BreadcrumbList","@id":"https:\/\/www.exatron.com.br\/produtos\/sensor-de-presenca-parede-smart-x-control2-bivolt-1200\/#breadcrumb","itemListElement":[{"@type":"ListItem","position":1,"name":"In\u00edcio","item":"https:\/\/www.exatron.com.br\/"},{"@type":"ListItem","position":2,"name":"Loja","item":"https:\/\/www.exatron.com.br\/loja\/"},{"@type":"ListItem","position":3,"name":"Sensor de Presen\u00e7a Parede Smart X-Control 2.0 (Conjunto Placa 4&#215;2 1\/3 + Suporte)"}]},{"@type":"WebSite","@id":"https:\/\/www.exatron.com.br\/#website","url":"https:\/\/www.exatron.com.br\/","name":"EXATRON","description":"","publisher":{"@id":"https:\/\/www.exatron.com.br\/#organization"},"potentialAction":[{"@type":"SearchAction","target":{"@type":"EntryPoint","urlTemplate":"https:\/\/www.exatron.com.br\/?s={search_term_string}"},"query-input":{"@type":"PropertyValueSpecification","valueRequired":true,"valueName":"search_term_string"}}],"inLanguage":"es"},{"@type":"Organization","@id":"https:\/\/www.exatron.com.br\/#organization","name":"EXATRON","url":"https:\/\/www.exatron.com.br\/","logo":{"@type":"ImageObject","inLanguage":"es","@id":"https:\/\/www.exatron.com.br\/#\/schema\/logo\/image\/","url":"https:\/\/www.exatron.com.br\/wp-content\/uploads\/2024\/11\/default-kit.png","contentUrl":"https:\/\/www.exatron.com.br\/wp-content\/uploads\/2024\/11\/default-kit.png","width":956,"height":192,"caption":"EXATRON"},"image":{"@id":"https:\/\/www.exatron.com.br\/#\/schema\/logo\/image\/"}}]}},"_links":{"self":[{"href":"https:\/\/www.exatron.com.br\/es\/wp-json\/wp\/v2\/product\/13224","targetHints":{"allow":["GET"]}}],"collection":[{"href":"https:\/\/www.exatron.com.br\/es\/wp-json\/wp\/v2\/product"}],"about":[{"href":"https:\/\/www.exatron.com.br\/es\/wp-json\/wp\/v2\/types\/product"}],"replies":[{"embeddable":true,"href":"https:\/\/www.exatron.com.br\/es\/wp-json\/wp\/v2\/comments?post=13224"}],"wp:featuredmedia":[{"embeddable":true,"href":"https:\/\/www.exatron.com.br\/es\/wp-json\/wp\/v2\/media\/14573"}],"wp:attachment":[{"href":"https:\/\/www.exatron.com.br\/es\/wp-json\/wp\/v2\/media?parent=13224"}],"wp:term":[{"taxonomy":"aplicacao","embeddable":true,"href":"https:\/\/www.exatron.com.br\/es\/wp-json\/wp\/v2\/aplicacao?post=13224"},{"taxonomy":"product_brand","embeddable":true,"href":"https:\/\/www.exatron.com.br\/es\/wp-json\/wp\/v2\/product_brand?post=13224"},{"taxonomy":"product_cat","embeddable":true,"href":"https:\/\/www.exatron.com.br\/es\/wp-json\/wp\/v2\/product_cat?post=13224"},{"taxonomy":"product_tag","embeddable":true,"href":"https:\/\/www.exatron.com.br\/es\/wp-json\/wp\/v2\/product_tag?post=13224"}],"curies":[{"name":"wp","href":"https:\/\/api.w.org\/{rel}","templated":true}]}}