{"id":13242,"date":"2026-02-26T09:56:14","date_gmt":"2026-02-26T12:56:14","guid":{"rendered":"https:\/\/exatron.com.br\/?post_type=product&#038;p=13242"},"modified":"2026-04-20T08:42:30","modified_gmt":"2026-04-20T11:42:30","slug":"sensor-de-presenca-teto-slim-360-smart-x-control2-bivolt","status":"publish","type":"product","link":"https:\/\/www.exatron.com.br\/es\/produtos\/sensor-de-presenca-teto-slim-360-smart-x-control2-bivolt\/","title":{"rendered":"Sensor de Presen\u00e7a Teto Slim 360\u00b0 Smart X-Control 2.0"},"content":{"rendered":"<h3>Especificaciones t\u00e9cnicas<\/h3>\n<ul>\n<li>Tens\u00e3o nominal: 100-240V~;<\/li>\n<li>Consumo pr\u00f3prio: &lt;1W;<\/li>\n<li>Frecuencia de funcionamiento: 50-60Hz;<\/li>\n<li>Prote\u00e7\u00e3o contra surto: 2KV;<\/li>\n<li>\u00c1rea de cobertura: 360\u00b0 com alcance de at\u00e9 7m de di\u00e2metro na temperatura ambiente de 25\u00b0C, a uma altura de 2,4m;<\/li>\n<li>Observa\u00e7\u00e3o: Este produto possui Tecnologia microprocessada e configura\u00e7\u00e3o pelo APP Smart X-Control;<\/li>\n<li>Temperatura de opera\u00e7\u00e3o: -5\u00b0C a 40\u00b0C;<\/li>\n<li>Utiliza\u00e7\u00e3o em ambientes internos;<\/li>\n<li>Detecta a movimenta\u00e7\u00e3o de fontes de calor como pessoas, carros, etc. Precisa estar no m\u00ednimo a 3\u00b0C de diferen\u00e7a em rela\u00e7\u00e3o a temperatura do meio ambiente onde o sensor est\u00e1 instalado;<\/li>\n<li>Regulagem de tempo: 1 e 30 segundos, 1, 3, 5, 10, 15, 20, 25, 30 e 45 minutos e 1, 2, 3 e 4 horas;<\/li>\n<li>Sensor de Luminosidade (LUX-FOTOC\u00c9LULA): MIN (\u00e0 noite), MAX (entardecer) e DESLIGADA (sem fotoc\u00e9lula);<\/li>\n<li>Regulagem de sensibilidade: m\u00ednima, m\u00e9dia e m\u00e1xima;<\/li>\n<li>Funci\u00f3n de rel\u00e9: El sensor funciona como un rel\u00e9 fotocontrolado temporizado. Al anochecer, mantiene la carga encendida durante el tiempo programado (de 0:30 a 12 horas) y luego vuelve a la funci\u00f3n de sensor.<\/li>\n<li>Funci\u00f3n de reinicio: restablece la configuraci\u00f3n del producto a los valores predeterminados de f\u00e1brica;<\/li>\n<li>Amigo da l\u00e2mpada: sistema de acionamento da carga com baixa tens\u00e3o el\u00e9trica &lt;50V, aumentando a vida \u00fatil do conjunto (l\u00e2mpadas, reator e sensor);<\/li>\n<li>Possui LED indicador de funcionamento e de detec\u00e7\u00e3o na cor VERDE &#8211; quando o produto est\u00e1 operando no modo Fun\u00e7\u00e3o Rel\u00e9, o LED oscila (pisca lentamente e de maneira gradual);<\/li>\n<li>Possui LED para confirma\u00e7\u00e3o no sucesso de grava\u00e7\u00e3o dos par\u00e2metros configurados na cor VERMELHA;<\/li>\n<li>Ahorro de energ\u00eda de hasta 75%;<\/li>\n<li>Componentes pl\u00e1sticos (ABS), eletr\u00f4nicos e ligas met\u00e1licas;<\/li>\n<li>Acompanha parafusos de fixa\u00e7\u00e3o e mola para sistema de embutir no forro de gesso;<\/li>\n<li>Configura\u00e7\u00e3o de f\u00e1brica: Tempo: 03 minutos, Fotoc\u00e9lula: Desativada e Sensibilidade: M\u00e1xima;<\/li>\n<li>Grado de protecci\u00f3n: IP32;<\/li>\n<li>Dimens\u00f5es: 29,9x\u00d889mm;<\/li>\n<li>Garantia: 02 anos;<\/li>\n<li>Potencia de control:<\/li>\n<\/ul>\n<figure class=\"table\">\n<table>\n<thead>\n<tr>\n<th>Alimento<\/th>\n<th>Electr\u00f3nica\/LED<\/th>\n<th>Hal\u00f3geno<\/th>\n<\/tr>\n<\/thead>\n<tbody>\n<tr>\n<td>127 V<\/td>\n<td>200 W<\/td>\n<td>500W<\/td>\n<\/tr>\n<tr>\n<td>220 V<\/td>\n<td>300 W<\/td>\n<td>900W<\/td>\n<\/tr>\n<tr>\n<td colspan=\"3\">THD&lt;20% y FP&gt;0,90<\/td>\n<\/tr>\n<\/tbody>\n<\/table>\n<\/figure>","protected":false},"excerpt":{"rendered":"<p>Transforme seus ambientes com o Sensor de Presen\u00e7a de Teto Slim Smart X-Control! Com design moderno e tecnologia inteligente, ele acende e apaga as luzes automaticamente ao detectar movimento, proporcionando conforto e seguran\u00e7a para sua casa, escrit\u00f3rio ou condom\u00ednio.<\/p>\n<p>Controle tudo pelo App Smart X-Control (iOS e Android) e personalize as configura\u00e7\u00f5es de tempo, alcance e sensibilidade. Detecta em 360\u00b0 e possui f\u00e1cil instala\u00e7\u00e3o em tetos de corredores, escadas, garagens, recep\u00e7\u00f5es e demais ambientes internos!<\/p>\n<p>Al\u00e9m de pr\u00e1tico, \u00e9 bivolt e economiza at\u00e9 75% de energia!<\/p>","protected":false},"featured_media":14296,"comment_status":"closed","ping_status":"closed","template":"","meta":{"_acf_changed":false,"_joinchat":[]},"aplicacao":[267],"product_brand":[],"product_cat":[993,326,381,379],"product_tag":[626,792,663,625,695,760,791,694,660,758],"class_list":{"0":"post-13242","1":"product","2":"type-product","3":"status-publish","4":"has-post-thumbnail","6":"aplicacao-iluminacao-interna-sensores-de-presenca","7":"product_cat-lancamentos","8":"product_cat-sensores-de-presenca-para-iluminacao","9":"product_cat-smart-x-control","10":"product_cat-teto","11":"product_tag-sensor-360","12":"product_tag-sensor-ambientes-internos","13":"product_tag-sensor-bivolt","14":"product_tag-sensor-de-presenca","15":"product_tag-sensor-de-presenca-360-graus","16":"product_tag-sensor-de-presenca-inteligente","17":"product_tag-sensor-de-presenca-slim","18":"product_tag-sensor-de-presenca-teto","19":"product_tag-sensor-de-teto","20":"product_tag-sensor-smart-x-control","22":"first","23":"instock","24":"shipping-taxable","25":"purchasable","26":"product-type-variable","27":"has-default-attributes"},"acf":[],"yoast_head":"<!-- This site is optimized with the Yoast SEO plugin v27.3 - https:\/\/yoast.com\/product\/yoast-seo-wordpress\/ -->\n<title>Sensor de Presen\u00e7a Teto Slim 360\u00b0 Smart X-Control 2.0 - EXATRON<\/title>\n<meta name=\"description\" content=\"Sensor de presen\u00e7a teto Slim com detec\u00e7\u00e3o 360\u00b0 e app Smart X-Control. Bivolt, inteligente e com design moderno. Compre j\u00e1!\" \/>\n<meta name=\"robots\" content=\"index, follow, max-snippet:-1, max-image-preview:large, max-video-preview:-1\" \/>\n<link rel=\"canonical\" href=\"https:\/\/www.exatron.com.br\/es\/produtos\/sensor-de-presenca-teto-slim-360-smart-x-control2-bivolt\/\" \/>\n<meta property=\"og:locale\" content=\"es_ES\" \/>\n<meta property=\"og:type\" content=\"article\" \/>\n<meta property=\"og:title\" content=\"Sensor de Presen\u00e7a Teto Slim 360\u00b0 Smart X-Control 2.0 - EXATRON\" \/>\n<meta property=\"og:description\" content=\"Sensor de presen\u00e7a teto Slim com detec\u00e7\u00e3o 360\u00b0 e app Smart X-Control. Bivolt, inteligente e com design moderno. Compre j\u00e1!\" \/>\n<meta property=\"og:url\" content=\"https:\/\/www.exatron.com.br\/es\/produtos\/sensor-de-presenca-teto-slim-360-smart-x-control2-bivolt\/\" \/>\n<meta property=\"og:site_name\" content=\"EXATRON\" \/>\n<meta property=\"article:modified_time\" content=\"2026-04-20T11:42:30+00:00\" \/>\n<meta property=\"og:image\" content=\"https:\/\/www.exatron.com.br\/wp-content\/uploads\/lest4000xc2bc-1.png\" \/>\n\t<meta property=\"og:image:width\" content=\"1000\" \/>\n\t<meta property=\"og:image:height\" content=\"1000\" \/>\n\t<meta property=\"og:image:type\" content=\"image\/png\" \/>\n<meta name=\"twitter:card\" content=\"summary_large_image\" \/>\n<meta name=\"twitter:label1\" content=\"Tiempo de lectura\" \/>\n\t<meta name=\"twitter:data1\" content=\"2 minutos\" \/>\n<script type=\"application\/ld+json\" class=\"yoast-schema-graph\">{\"@context\":\"https:\\\/\\\/schema.org\",\"@graph\":[{\"@type\":\"WebPage\",\"@id\":\"https:\\\/\\\/www.exatron.com.br\\\/produtos\\\/sensor-de-presenca-teto-slim-360-smart-x-control2-bivolt\\\/\",\"url\":\"https:\\\/\\\/www.exatron.com.br\\\/produtos\\\/sensor-de-presenca-teto-slim-360-smart-x-control2-bivolt\\\/\",\"name\":\"Sensor de Presen\u00e7a Teto Slim 360\u00b0 Smart X-Control 2.0 - EXATRON\",\"isPartOf\":{\"@id\":\"https:\\\/\\\/www.exatron.com.br\\\/#website\"},\"primaryImageOfPage\":{\"@id\":\"https:\\\/\\\/www.exatron.com.br\\\/produtos\\\/sensor-de-presenca-teto-slim-360-smart-x-control2-bivolt\\\/#primaryimage\"},\"image\":{\"@id\":\"https:\\\/\\\/www.exatron.com.br\\\/produtos\\\/sensor-de-presenca-teto-slim-360-smart-x-control2-bivolt\\\/#primaryimage\"},\"thumbnailUrl\":\"https:\\\/\\\/www.exatron.com.br\\\/wp-content\\\/uploads\\\/lest4000xc2bc-1.png\",\"datePublished\":\"2026-02-26T12:56:14+00:00\",\"dateModified\":\"2026-04-20T11:42:30+00:00\",\"description\":\"Sensor de presen\u00e7a teto Slim com detec\u00e7\u00e3o 360\u00b0 e app Smart X-Control. Bivolt, inteligente e com design moderno. Compre j\u00e1!\",\"breadcrumb\":{\"@id\":\"https:\\\/\\\/www.exatron.com.br\\\/produtos\\\/sensor-de-presenca-teto-slim-360-smart-x-control2-bivolt\\\/#breadcrumb\"},\"inLanguage\":\"es\",\"potentialAction\":[{\"@type\":\"ReadAction\",\"target\":[\"https:\\\/\\\/www.exatron.com.br\\\/produtos\\\/sensor-de-presenca-teto-slim-360-smart-x-control2-bivolt\\\/\"]}]},{\"@type\":\"ImageObject\",\"inLanguage\":\"es\",\"@id\":\"https:\\\/\\\/www.exatron.com.br\\\/produtos\\\/sensor-de-presenca-teto-slim-360-smart-x-control2-bivolt\\\/#primaryimage\",\"url\":\"https:\\\/\\\/www.exatron.com.br\\\/wp-content\\\/uploads\\\/lest4000xc2bc-1.png\",\"contentUrl\":\"https:\\\/\\\/www.exatron.com.br\\\/wp-content\\\/uploads\\\/lest4000xc2bc-1.png\",\"width\":1000,\"height\":1000,\"caption\":\"Sensor de Presen\u00e7a Teto Slim 360\u00b0 Smart X-Control 2.0\"},{\"@type\":\"BreadcrumbList\",\"@id\":\"https:\\\/\\\/www.exatron.com.br\\\/produtos\\\/sensor-de-presenca-teto-slim-360-smart-x-control2-bivolt\\\/#breadcrumb\",\"itemListElement\":[{\"@type\":\"ListItem\",\"position\":1,\"name\":\"In\u00edcio\",\"item\":\"https:\\\/\\\/www.exatron.com.br\\\/\"},{\"@type\":\"ListItem\",\"position\":2,\"name\":\"Loja\",\"item\":\"https:\\\/\\\/www.exatron.com.br\\\/loja\\\/\"},{\"@type\":\"ListItem\",\"position\":3,\"name\":\"Sensor de Presen\u00e7a Teto Slim 360\u00b0 Smart X-Control 2.0\"}]},{\"@type\":\"WebSite\",\"@id\":\"https:\\\/\\\/www.exatron.com.br\\\/#website\",\"url\":\"https:\\\/\\\/www.exatron.com.br\\\/\",\"name\":\"EXATRON\",\"description\":\"\",\"publisher\":{\"@id\":\"https:\\\/\\\/www.exatron.com.br\\\/#organization\"},\"potentialAction\":[{\"@type\":\"SearchAction\",\"target\":{\"@type\":\"EntryPoint\",\"urlTemplate\":\"https:\\\/\\\/www.exatron.com.br\\\/?s={search_term_string}\"},\"query-input\":{\"@type\":\"PropertyValueSpecification\",\"valueRequired\":true,\"valueName\":\"search_term_string\"}}],\"inLanguage\":\"es\"},{\"@type\":\"Organization\",\"@id\":\"https:\\\/\\\/www.exatron.com.br\\\/#organization\",\"name\":\"EXATRON\",\"url\":\"https:\\\/\\\/www.exatron.com.br\\\/\",\"logo\":{\"@type\":\"ImageObject\",\"inLanguage\":\"es\",\"@id\":\"https:\\\/\\\/www.exatron.com.br\\\/#\\\/schema\\\/logo\\\/image\\\/\",\"url\":\"https:\\\/\\\/www.exatron.com.br\\\/wp-content\\\/uploads\\\/2024\\\/11\\\/default-kit.png\",\"contentUrl\":\"https:\\\/\\\/www.exatron.com.br\\\/wp-content\\\/uploads\\\/2024\\\/11\\\/default-kit.png\",\"width\":956,\"height\":192,\"caption\":\"EXATRON\"},\"image\":{\"@id\":\"https:\\\/\\\/www.exatron.com.br\\\/#\\\/schema\\\/logo\\\/image\\\/\"}}]}<\/script>\n<!-- \/ Yoast SEO plugin. -->","yoast_head_json":{"title":"Sensor de Presen\u00e7a Teto Slim 360\u00b0 Smart X-Control 2.0 - EXATRON","description":"Sensor de presen\u00e7a teto Slim com detec\u00e7\u00e3o 360\u00b0 e app Smart X-Control. Bivolt, inteligente e com design moderno. Compre j\u00e1!","robots":{"index":"index","follow":"follow","max-snippet":"max-snippet:-1","max-image-preview":"max-image-preview:large","max-video-preview":"max-video-preview:-1"},"canonical":"https:\/\/www.exatron.com.br\/es\/produtos\/sensor-de-presenca-teto-slim-360-smart-x-control2-bivolt\/","og_locale":"es_ES","og_type":"article","og_title":"Sensor de Presen\u00e7a Teto Slim 360\u00b0 Smart X-Control 2.0 - EXATRON","og_description":"Sensor de presen\u00e7a teto Slim com detec\u00e7\u00e3o 360\u00b0 e app Smart X-Control. Bivolt, inteligente e com design moderno. Compre j\u00e1!","og_url":"https:\/\/www.exatron.com.br\/es\/produtos\/sensor-de-presenca-teto-slim-360-smart-x-control2-bivolt\/","og_site_name":"EXATRON","article_modified_time":"2026-04-20T11:42:30+00:00","og_image":[{"width":1000,"height":1000,"url":"https:\/\/www.exatron.com.br\/wp-content\/uploads\/lest4000xc2bc-1.png","type":"image\/png"}],"twitter_card":"summary_large_image","twitter_misc":{"Tiempo de lectura":"2 minutos"},"schema":{"@context":"https:\/\/schema.org","@graph":[{"@type":"WebPage","@id":"https:\/\/www.exatron.com.br\/produtos\/sensor-de-presenca-teto-slim-360-smart-x-control2-bivolt\/","url":"https:\/\/www.exatron.com.br\/produtos\/sensor-de-presenca-teto-slim-360-smart-x-control2-bivolt\/","name":"Sensor de Presen\u00e7a Teto Slim 360\u00b0 Smart X-Control 2.0 - EXATRON","isPartOf":{"@id":"https:\/\/www.exatron.com.br\/#website"},"primaryImageOfPage":{"@id":"https:\/\/www.exatron.com.br\/produtos\/sensor-de-presenca-teto-slim-360-smart-x-control2-bivolt\/#primaryimage"},"image":{"@id":"https:\/\/www.exatron.com.br\/produtos\/sensor-de-presenca-teto-slim-360-smart-x-control2-bivolt\/#primaryimage"},"thumbnailUrl":"https:\/\/www.exatron.com.br\/wp-content\/uploads\/lest4000xc2bc-1.png","datePublished":"2026-02-26T12:56:14+00:00","dateModified":"2026-04-20T11:42:30+00:00","description":"Sensor de presen\u00e7a teto Slim com detec\u00e7\u00e3o 360\u00b0 e app Smart X-Control. Bivolt, inteligente e com design moderno. Compre j\u00e1!","breadcrumb":{"@id":"https:\/\/www.exatron.com.br\/produtos\/sensor-de-presenca-teto-slim-360-smart-x-control2-bivolt\/#breadcrumb"},"inLanguage":"es","potentialAction":[{"@type":"ReadAction","target":["https:\/\/www.exatron.com.br\/produtos\/sensor-de-presenca-teto-slim-360-smart-x-control2-bivolt\/"]}]},{"@type":"ImageObject","inLanguage":"es","@id":"https:\/\/www.exatron.com.br\/produtos\/sensor-de-presenca-teto-slim-360-smart-x-control2-bivolt\/#primaryimage","url":"https:\/\/www.exatron.com.br\/wp-content\/uploads\/lest4000xc2bc-1.png","contentUrl":"https:\/\/www.exatron.com.br\/wp-content\/uploads\/lest4000xc2bc-1.png","width":1000,"height":1000,"caption":"Sensor de Presen\u00e7a Teto Slim 360\u00b0 Smart X-Control 2.0"},{"@type":"BreadcrumbList","@id":"https:\/\/www.exatron.com.br\/produtos\/sensor-de-presenca-teto-slim-360-smart-x-control2-bivolt\/#breadcrumb","itemListElement":[{"@type":"ListItem","position":1,"name":"In\u00edcio","item":"https:\/\/www.exatron.com.br\/"},{"@type":"ListItem","position":2,"name":"Loja","item":"https:\/\/www.exatron.com.br\/loja\/"},{"@type":"ListItem","position":3,"name":"Sensor de Presen\u00e7a Teto Slim 360\u00b0 Smart X-Control 2.0"}]},{"@type":"WebSite","@id":"https:\/\/www.exatron.com.br\/#website","url":"https:\/\/www.exatron.com.br\/","name":"EXATRON","description":"","publisher":{"@id":"https:\/\/www.exatron.com.br\/#organization"},"potentialAction":[{"@type":"SearchAction","target":{"@type":"EntryPoint","urlTemplate":"https:\/\/www.exatron.com.br\/?s={search_term_string}"},"query-input":{"@type":"PropertyValueSpecification","valueRequired":true,"valueName":"search_term_string"}}],"inLanguage":"es"},{"@type":"Organization","@id":"https:\/\/www.exatron.com.br\/#organization","name":"EXATRON","url":"https:\/\/www.exatron.com.br\/","logo":{"@type":"ImageObject","inLanguage":"es","@id":"https:\/\/www.exatron.com.br\/#\/schema\/logo\/image\/","url":"https:\/\/www.exatron.com.br\/wp-content\/uploads\/2024\/11\/default-kit.png","contentUrl":"https:\/\/www.exatron.com.br\/wp-content\/uploads\/2024\/11\/default-kit.png","width":956,"height":192,"caption":"EXATRON"},"image":{"@id":"https:\/\/www.exatron.com.br\/#\/schema\/logo\/image\/"}}]}},"_links":{"self":[{"href":"https:\/\/www.exatron.com.br\/es\/wp-json\/wp\/v2\/product\/13242","targetHints":{"allow":["GET"]}}],"collection":[{"href":"https:\/\/www.exatron.com.br\/es\/wp-json\/wp\/v2\/product"}],"about":[{"href":"https:\/\/www.exatron.com.br\/es\/wp-json\/wp\/v2\/types\/product"}],"replies":[{"embeddable":true,"href":"https:\/\/www.exatron.com.br\/es\/wp-json\/wp\/v2\/comments?post=13242"}],"wp:featuredmedia":[{"embeddable":true,"href":"https:\/\/www.exatron.com.br\/es\/wp-json\/wp\/v2\/media\/14296"}],"wp:attachment":[{"href":"https:\/\/www.exatron.com.br\/es\/wp-json\/wp\/v2\/media?parent=13242"}],"wp:term":[{"taxonomy":"aplicacao","embeddable":true,"href":"https:\/\/www.exatron.com.br\/es\/wp-json\/wp\/v2\/aplicacao?post=13242"},{"taxonomy":"product_brand","embeddable":true,"href":"https:\/\/www.exatron.com.br\/es\/wp-json\/wp\/v2\/product_brand?post=13242"},{"taxonomy":"product_cat","embeddable":true,"href":"https:\/\/www.exatron.com.br\/es\/wp-json\/wp\/v2\/product_cat?post=13242"},{"taxonomy":"product_tag","embeddable":true,"href":"https:\/\/www.exatron.com.br\/es\/wp-json\/wp\/v2\/product_tag?post=13242"}],"curies":[{"name":"wp","href":"https:\/\/api.w.org\/{rel}","templated":true}]}}