{"id":14645,"date":"2026-04-20T15:03:22","date_gmt":"2026-04-20T18:03:22","guid":{"rendered":"https:\/\/exatron.com.br\/?post_type=product&#038;p=14645"},"modified":"2026-04-22T08:59:53","modified_gmt":"2026-04-22T11:59:53","slug":"rele-fotocontrolador-luxonfl67cr","status":"publish","type":"product","link":"https:\/\/www.exatron.com.br\/es\/produtos\/rele-fotocontrolador-luxonfl67cr\/","title":{"rendered":"Rel\u00e9 Fotocontrolador Liga Noite \u2013 FL (Falha Ligado) IP67"},"content":{"rendered":"<h3>Especificaciones t\u00e9cnicas<\/h3>\n<ul>\n<li>Tens\u00e3o: 105~305V;<\/li>\n<li>Frecuencia de funcionamiento: 50\/60Hz;<\/li>\n<li>Luminosidade para ligar: 7 Lux;<\/li>\n<li>Luminosidade para desligar: at\u00e9 30 Lux;<\/li>\n<li>Retardo para ligar: 5 segundos;<\/li>\n<li>Retardo para desligar: 7 segundos;<\/li>\n<li>Estado inicial dos contatos: Normalmente fechado (NF);<\/li>\n<li>Tipo de falha:\u00a0Falha ligado (FL) \/ Fail-on;<\/li>\n<li>Modo de opera\u00e7\u00e3o: aciona a carga durante a noite e desliga durante o dia (Liga noite);<\/li>\n<li>Classifica\u00e7\u00e3o de retardo: AR (acionamento r\u00e1pido);<\/li>\n<li>Tecnologia: microcontrolado;<\/li>\n<li>Prote\u00e7\u00e3o conta surto: atrav\u00e9s de varistor 10kV @1,2&#215;50\u03bcs: \/ 5kA &#8211; 360J;<\/li>\n<li>Ciclos de opera\u00e7\u00e3o: 20.000 ciclos (on\/off);<\/li>\n<li>Filtro de tempo: duplo retardo que impede acionamentos indevidos devido a varia\u00e7\u00f5es bruscas de luminosidade como raios, laser, nuvens e etc;<\/li>\n<li>Material: O copo \u00e9 fabricado em resina policarbonato (PC) com prote\u00e7\u00e3o anti-UV na cor azul &#8211; padr\u00e3o NBR5123. A base \u00e9 feita em resina copol\u00edmero polipropileno (PP), a gaxeta em PVC e os pinos\/terminais em lat\u00e3o estanhado.;<\/li>\n<li>Grado de protecci\u00f3n: IP67;<\/li>\n<li>Garantia: \u00a05 anos;<\/li>\n<li>Dimens\u00f5es: \u00d876&#215;43,5&#215;54,8mm;<\/li>\n<li>C\u00f3digo de opera\u00e7\u00e3o: T2LNFLRNAR;<\/li>\n<li>Acionamento de carga atrav\u00e9s de comutador eletromec\u00e2nico (rel\u00e9)-suporta cargas de 30 A a 120V~;<\/li>\n<li>Suporta corrente de Inrush de 40 a 100A;<\/li>\n<li>Inrush Control Technology: Exclusivo sistema comuta\u00e7\u00e3o pr\u00f3ximo ao zero da rede senoide, aumentando a vida \u00fatil da carga e do rel\u00e9;<\/li>\n<li>Mapa de marca\u00e7\u00e3o indel\u00e9vel do momento de retirada e coloca\u00e7\u00e3o em campo;<\/li>\n<li>Para comandar cargas acima da capacidade estipulada, utilize o rel\u00e9 em conjunto com uma Chave Comando de Grupo Exatron (de 30, 50 ou 60 amperes) dispon\u00edvel na vers\u00e3o de controle sub\/sobre tens\u00e3o;<\/li>\n<li>Aplica\u00e7\u00e3o: rel\u00e9 de alta performance para ilumina\u00e7\u00e3o p\u00fablica;<\/li>\n<li>Sensor fotoc\u00e9lula de sil\u00edcio: fototransistor;<\/li>\n<li>Temperatura de opera\u00e7\u00e3o: -10\u00b0C a 70\u00b0C;<\/li>\n<li>Resist\u00eancia \u00e0 umidade: 99% de umidade relativa a 50\u00b0C.<\/li>\n<li>Potencia de control:<\/li>\n<\/ul>\n<figure class=\"table\">\n<table>\n<tbody>\n<tr>\n<td style=\"text-align: center\"><strong>Voltaje<\/strong><\/td>\n<td style=\"text-align: center\"><strong>Resistiva<\/strong><\/td>\n<td style=\"text-align: center\"><strong>Indutiva<\/strong><\/td>\n<td style=\"text-align: center\"><strong>Corrigida<\/strong><\/td>\n<\/tr>\n<tr>\n<td style=\"text-align: center\">120\/220V<\/td>\n<td style=\"text-align: center\">1000W<\/td>\n<td style=\"text-align: center\">1800VA<\/td>\n<td style=\"text-align: center\">500VA FP\u22650,92<\/td>\n<\/tr>\n<\/tbody>\n<\/table>\n<\/figure>\n<h3>Instalaci\u00f3n<\/h3>\n<p>Encaixe na tomada: Tipo gira e trava (Twist-lock);<\/p>\n<p>Encaixe o rel\u00e9 na tomada padr\u00e3o NEMA &#8211; NBR5123 nas posi\u00e7\u00f5es correspondentes;<\/p>\n<p>Girar o rel\u00e9 no sentido hor\u00e1rio para travar.<\/p>","protected":false},"excerpt":{"rendered":"<p>A fam\u00edlia Rel\u00e9s Fotocontroladores Eletr\u00f4nicos LUXON \u00e9 composta por modelos microcontrolados, desenvolvidos para o acionamento autom\u00e1tico de pontos luminosos e outras cargas conforme a presen\u00e7a ou aus\u00eancia de luz natural. Todos os modelos s\u00e3o imunes a varia\u00e7\u00f5es bruscas de luminosidade, rel\u00e2mpagos e far\u00f3is, garantindo opera\u00e7\u00e3o confi\u00e1vel e precisa.<\/p>\n<p>Compat\u00edveis com qualquer tipo de l\u00e2mpada, os rel\u00e9s da linha LUXON seguem os mais altos padr\u00f5es de controle de ilumina\u00e7\u00e3o.<\/p>\n<p>Fabricados de acordo com as normas NBR 5123, ANSI136-10 e UL e C.S.A.<\/p>\n<p>O produto LUXON FL67CR \u00e9 um modelo multitens\u00e3o, opera\u00e7\u00e3o liga noite (LN), falha ligado (FL), normalmente fechado (NF) e com acionamento r\u00e1pido (AR). \u00cdndice de prote\u00e7\u00e3o IP67 e material da tampa no policarbonato (PC) com anti-UV.<\/p>","protected":false},"featured_media":14665,"comment_status":"closed","ping_status":"closed","template":"","meta":{"_acf_changed":false,"_joinchat":[]},"aplicacao":[98],"product_brand":[],"product_cat":[344,315],"product_tag":[526,514,579,592],"class_list":{"0":"post-14645","1":"product","2":"type-product","3":"status-publish","4":"has-post-thumbnail","6":"aplicacao-iluminacao-externa-reles","7":"product_cat-eletronico","8":"product_cat-reles-para-iluminacao","9":"product_tag-rele","10":"product_tag-rele-eletronico","11":"product_tag-rele-fotocelula","12":"product_tag-rele-fotocelula-exatron","14":"first","15":"onbackorder","16":"shipping-taxable","17":"product-type-simple"},"acf":[],"yoast_head":"<!-- This site is optimized with the Yoast SEO plugin v27.3 - https:\/\/yoast.com\/product\/yoast-seo-wordpress\/ -->\n<title>Rel\u00e9 Fotocontrolador Liga Noite \u2013 FL (Falha Ligado) IP67 - EXATRON<\/title>\n<meta name=\"description\" content=\"LUXON FL67CR \u2013 Rel\u00e9 Fotocontrolador Liga Noite IP67: Rel\u00e9 Liga Noite com IP67. Perfeito para ilumina\u00e7\u00e3o p\u00fablica, com prote\u00e7\u00e3o contra intemp\u00e9ries e varia\u00e7\u00f5es de luz.\" \/>\n<meta name=\"robots\" content=\"index, follow, max-snippet:-1, max-image-preview:large, max-video-preview:-1\" \/>\n<link rel=\"canonical\" href=\"https:\/\/www.exatron.com.br\/es\/produtos\/rele-fotocontrolador-luxonfl67cr\/\" \/>\n<meta property=\"og:locale\" content=\"es_ES\" \/>\n<meta property=\"og:type\" content=\"article\" \/>\n<meta property=\"og:title\" content=\"Rel\u00e9 Fotocontrolador Liga Noite \u2013 FL (Falha Ligado) IP67 - EXATRON\" \/>\n<meta property=\"og:description\" content=\"LUXON FL67CR \u2013 Rel\u00e9 Fotocontrolador Liga Noite IP67: Rel\u00e9 Liga Noite com IP67. Perfeito para ilumina\u00e7\u00e3o p\u00fablica, com prote\u00e7\u00e3o contra intemp\u00e9ries e varia\u00e7\u00f5es de luz.\" \/>\n<meta property=\"og:url\" content=\"https:\/\/www.exatron.com.br\/es\/produtos\/rele-fotocontrolador-luxonfl67cr\/\" \/>\n<meta property=\"og:site_name\" content=\"EXATRON\" \/>\n<meta property=\"article:modified_time\" content=\"2026-04-22T11:59:53+00:00\" \/>\n<meta property=\"og:image\" content=\"https:\/\/www.exatron.com.br\/wp-content\/uploads\/rele-azul_05.png\" \/>\n\t<meta property=\"og:image:width\" content=\"1000\" \/>\n\t<meta property=\"og:image:height\" content=\"1000\" \/>\n\t<meta property=\"og:image:type\" content=\"image\/png\" \/>\n<meta name=\"twitter:card\" content=\"summary_large_image\" \/>\n<meta name=\"twitter:label1\" content=\"Tiempo de lectura\" \/>\n\t<meta name=\"twitter:data1\" content=\"2 minutos\" \/>\n<script type=\"application\/ld+json\" class=\"yoast-schema-graph\">{\"@context\":\"https:\\\/\\\/schema.org\",\"@graph\":[{\"@type\":\"WebPage\",\"@id\":\"https:\\\/\\\/www.exatron.com.br\\\/produtos\\\/rele-fotocontrolador-luxonfl67cr\\\/\",\"url\":\"https:\\\/\\\/www.exatron.com.br\\\/produtos\\\/rele-fotocontrolador-luxonfl67cr\\\/\",\"name\":\"Rel\u00e9 Fotocontrolador Liga Noite \u2013 FL (Falha Ligado) IP67 - EXATRON\",\"isPartOf\":{\"@id\":\"https:\\\/\\\/www.exatron.com.br\\\/#website\"},\"primaryImageOfPage\":{\"@id\":\"https:\\\/\\\/www.exatron.com.br\\\/produtos\\\/rele-fotocontrolador-luxonfl67cr\\\/#primaryimage\"},\"image\":{\"@id\":\"https:\\\/\\\/www.exatron.com.br\\\/produtos\\\/rele-fotocontrolador-luxonfl67cr\\\/#primaryimage\"},\"thumbnailUrl\":\"https:\\\/\\\/www.exatron.com.br\\\/wp-content\\\/uploads\\\/rele-azul_05.png\",\"datePublished\":\"2026-04-20T18:03:22+00:00\",\"dateModified\":\"2026-04-22T11:59:53+00:00\",\"description\":\"LUXON FL67CR \u2013 Rel\u00e9 Fotocontrolador Liga Noite IP67: Rel\u00e9 Liga Noite com IP67. Perfeito para ilumina\u00e7\u00e3o p\u00fablica, com prote\u00e7\u00e3o contra intemp\u00e9ries e varia\u00e7\u00f5es de luz.\",\"breadcrumb\":{\"@id\":\"https:\\\/\\\/www.exatron.com.br\\\/produtos\\\/rele-fotocontrolador-luxonfl67cr\\\/#breadcrumb\"},\"inLanguage\":\"es\",\"potentialAction\":[{\"@type\":\"ReadAction\",\"target\":[\"https:\\\/\\\/www.exatron.com.br\\\/produtos\\\/rele-fotocontrolador-luxonfl67cr\\\/\"]}]},{\"@type\":\"ImageObject\",\"inLanguage\":\"es\",\"@id\":\"https:\\\/\\\/www.exatron.com.br\\\/produtos\\\/rele-fotocontrolador-luxonfl67cr\\\/#primaryimage\",\"url\":\"https:\\\/\\\/www.exatron.com.br\\\/wp-content\\\/uploads\\\/rele-azul_05.png\",\"contentUrl\":\"https:\\\/\\\/www.exatron.com.br\\\/wp-content\\\/uploads\\\/rele-azul_05.png\",\"width\":1000,\"height\":1000,\"caption\":\"Rel\u00e9 Fotocontrolador\"},{\"@type\":\"BreadcrumbList\",\"@id\":\"https:\\\/\\\/www.exatron.com.br\\\/produtos\\\/rele-fotocontrolador-luxonfl67cr\\\/#breadcrumb\",\"itemListElement\":[{\"@type\":\"ListItem\",\"position\":1,\"name\":\"In\u00edcio\",\"item\":\"https:\\\/\\\/www.exatron.com.br\\\/\"},{\"@type\":\"ListItem\",\"position\":2,\"name\":\"Loja\",\"item\":\"https:\\\/\\\/www.exatron.com.br\\\/loja\\\/\"},{\"@type\":\"ListItem\",\"position\":3,\"name\":\"Rel\u00e9 Fotocontrolador Liga Noite \u2013 FL (Falha Ligado) IP67\"}]},{\"@type\":\"WebSite\",\"@id\":\"https:\\\/\\\/www.exatron.com.br\\\/#website\",\"url\":\"https:\\\/\\\/www.exatron.com.br\\\/\",\"name\":\"EXATRON\",\"description\":\"\",\"publisher\":{\"@id\":\"https:\\\/\\\/www.exatron.com.br\\\/#organization\"},\"potentialAction\":[{\"@type\":\"SearchAction\",\"target\":{\"@type\":\"EntryPoint\",\"urlTemplate\":\"https:\\\/\\\/www.exatron.com.br\\\/?s={search_term_string}\"},\"query-input\":{\"@type\":\"PropertyValueSpecification\",\"valueRequired\":true,\"valueName\":\"search_term_string\"}}],\"inLanguage\":\"es\"},{\"@type\":\"Organization\",\"@id\":\"https:\\\/\\\/www.exatron.com.br\\\/#organization\",\"name\":\"EXATRON\",\"url\":\"https:\\\/\\\/www.exatron.com.br\\\/\",\"logo\":{\"@type\":\"ImageObject\",\"inLanguage\":\"es\",\"@id\":\"https:\\\/\\\/www.exatron.com.br\\\/#\\\/schema\\\/logo\\\/image\\\/\",\"url\":\"https:\\\/\\\/www.exatron.com.br\\\/wp-content\\\/uploads\\\/2024\\\/11\\\/default-kit.png\",\"contentUrl\":\"https:\\\/\\\/www.exatron.com.br\\\/wp-content\\\/uploads\\\/2024\\\/11\\\/default-kit.png\",\"width\":956,\"height\":192,\"caption\":\"EXATRON\"},\"image\":{\"@id\":\"https:\\\/\\\/www.exatron.com.br\\\/#\\\/schema\\\/logo\\\/image\\\/\"}}]}<\/script>\n<!-- \/ Yoast SEO plugin. -->","yoast_head_json":{"title":"Rel\u00e9 Fotocontrolador Liga Noite \u2013 FL (Falha Ligado) IP67 - EXATRON","description":"LUXON FL67CR \u2013 Rel\u00e9 Fotocontrolador Liga Noite IP67: Rel\u00e9 Liga Noite com IP67. Perfeito para ilumina\u00e7\u00e3o p\u00fablica, com prote\u00e7\u00e3o contra intemp\u00e9ries e varia\u00e7\u00f5es de luz.","robots":{"index":"index","follow":"follow","max-snippet":"max-snippet:-1","max-image-preview":"max-image-preview:large","max-video-preview":"max-video-preview:-1"},"canonical":"https:\/\/www.exatron.com.br\/es\/produtos\/rele-fotocontrolador-luxonfl67cr\/","og_locale":"es_ES","og_type":"article","og_title":"Rel\u00e9 Fotocontrolador Liga Noite \u2013 FL (Falha Ligado) IP67 - EXATRON","og_description":"LUXON FL67CR \u2013 Rel\u00e9 Fotocontrolador Liga Noite IP67: Rel\u00e9 Liga Noite com IP67. Perfeito para ilumina\u00e7\u00e3o p\u00fablica, com prote\u00e7\u00e3o contra intemp\u00e9ries e varia\u00e7\u00f5es de luz.","og_url":"https:\/\/www.exatron.com.br\/es\/produtos\/rele-fotocontrolador-luxonfl67cr\/","og_site_name":"EXATRON","article_modified_time":"2026-04-22T11:59:53+00:00","og_image":[{"width":1000,"height":1000,"url":"https:\/\/www.exatron.com.br\/wp-content\/uploads\/rele-azul_05.png","type":"image\/png"}],"twitter_card":"summary_large_image","twitter_misc":{"Tiempo de lectura":"2 minutos"},"schema":{"@context":"https:\/\/schema.org","@graph":[{"@type":"WebPage","@id":"https:\/\/www.exatron.com.br\/produtos\/rele-fotocontrolador-luxonfl67cr\/","url":"https:\/\/www.exatron.com.br\/produtos\/rele-fotocontrolador-luxonfl67cr\/","name":"Rel\u00e9 Fotocontrolador Liga Noite \u2013 FL (Falha Ligado) IP67 - EXATRON","isPartOf":{"@id":"https:\/\/www.exatron.com.br\/#website"},"primaryImageOfPage":{"@id":"https:\/\/www.exatron.com.br\/produtos\/rele-fotocontrolador-luxonfl67cr\/#primaryimage"},"image":{"@id":"https:\/\/www.exatron.com.br\/produtos\/rele-fotocontrolador-luxonfl67cr\/#primaryimage"},"thumbnailUrl":"https:\/\/www.exatron.com.br\/wp-content\/uploads\/rele-azul_05.png","datePublished":"2026-04-20T18:03:22+00:00","dateModified":"2026-04-22T11:59:53+00:00","description":"LUXON FL67CR \u2013 Rel\u00e9 Fotocontrolador Liga Noite IP67: Rel\u00e9 Liga Noite com IP67. Perfeito para ilumina\u00e7\u00e3o p\u00fablica, com prote\u00e7\u00e3o contra intemp\u00e9ries e varia\u00e7\u00f5es de luz.","breadcrumb":{"@id":"https:\/\/www.exatron.com.br\/produtos\/rele-fotocontrolador-luxonfl67cr\/#breadcrumb"},"inLanguage":"es","potentialAction":[{"@type":"ReadAction","target":["https:\/\/www.exatron.com.br\/produtos\/rele-fotocontrolador-luxonfl67cr\/"]}]},{"@type":"ImageObject","inLanguage":"es","@id":"https:\/\/www.exatron.com.br\/produtos\/rele-fotocontrolador-luxonfl67cr\/#primaryimage","url":"https:\/\/www.exatron.com.br\/wp-content\/uploads\/rele-azul_05.png","contentUrl":"https:\/\/www.exatron.com.br\/wp-content\/uploads\/rele-azul_05.png","width":1000,"height":1000,"caption":"Rel\u00e9 Fotocontrolador"},{"@type":"BreadcrumbList","@id":"https:\/\/www.exatron.com.br\/produtos\/rele-fotocontrolador-luxonfl67cr\/#breadcrumb","itemListElement":[{"@type":"ListItem","position":1,"name":"In\u00edcio","item":"https:\/\/www.exatron.com.br\/"},{"@type":"ListItem","position":2,"name":"Loja","item":"https:\/\/www.exatron.com.br\/loja\/"},{"@type":"ListItem","position":3,"name":"Rel\u00e9 Fotocontrolador Liga Noite \u2013 FL (Falha Ligado) IP67"}]},{"@type":"WebSite","@id":"https:\/\/www.exatron.com.br\/#website","url":"https:\/\/www.exatron.com.br\/","name":"EXATRON","description":"","publisher":{"@id":"https:\/\/www.exatron.com.br\/#organization"},"potentialAction":[{"@type":"SearchAction","target":{"@type":"EntryPoint","urlTemplate":"https:\/\/www.exatron.com.br\/?s={search_term_string}"},"query-input":{"@type":"PropertyValueSpecification","valueRequired":true,"valueName":"search_term_string"}}],"inLanguage":"es"},{"@type":"Organization","@id":"https:\/\/www.exatron.com.br\/#organization","name":"EXATRON","url":"https:\/\/www.exatron.com.br\/","logo":{"@type":"ImageObject","inLanguage":"es","@id":"https:\/\/www.exatron.com.br\/#\/schema\/logo\/image\/","url":"https:\/\/www.exatron.com.br\/wp-content\/uploads\/2024\/11\/default-kit.png","contentUrl":"https:\/\/www.exatron.com.br\/wp-content\/uploads\/2024\/11\/default-kit.png","width":956,"height":192,"caption":"EXATRON"},"image":{"@id":"https:\/\/www.exatron.com.br\/#\/schema\/logo\/image\/"}}]}},"_links":{"self":[{"href":"https:\/\/www.exatron.com.br\/es\/wp-json\/wp\/v2\/product\/14645","targetHints":{"allow":["GET"]}}],"collection":[{"href":"https:\/\/www.exatron.com.br\/es\/wp-json\/wp\/v2\/product"}],"about":[{"href":"https:\/\/www.exatron.com.br\/es\/wp-json\/wp\/v2\/types\/product"}],"replies":[{"embeddable":true,"href":"https:\/\/www.exatron.com.br\/es\/wp-json\/wp\/v2\/comments?post=14645"}],"wp:featuredmedia":[{"embeddable":true,"href":"https:\/\/www.exatron.com.br\/es\/wp-json\/wp\/v2\/media\/14665"}],"wp:attachment":[{"href":"https:\/\/www.exatron.com.br\/es\/wp-json\/wp\/v2\/media?parent=14645"}],"wp:term":[{"taxonomy":"aplicacao","embeddable":true,"href":"https:\/\/www.exatron.com.br\/es\/wp-json\/wp\/v2\/aplicacao?post=14645"},{"taxonomy":"product_brand","embeddable":true,"href":"https:\/\/www.exatron.com.br\/es\/wp-json\/wp\/v2\/product_brand?post=14645"},{"taxonomy":"product_cat","embeddable":true,"href":"https:\/\/www.exatron.com.br\/es\/wp-json\/wp\/v2\/product_cat?post=14645"},{"taxonomy":"product_tag","embeddable":true,"href":"https:\/\/www.exatron.com.br\/es\/wp-json\/wp\/v2\/product_tag?post=14645"}],"curies":[{"name":"wp","href":"https:\/\/api.w.org\/{rel}","templated":true}]}}